{"id":21590,"date":"2025-12-04T02:04:50","date_gmt":"2025-12-04T07:04:50","guid":{"rendered":"https:\/\/www.elecprime.net\/?page_id=21590"},"modified":"2025-12-04T02:04:50","modified_gmt":"2025-12-04T07:04:50","slug":"epdka309-4","status":"publish","type":"page","link":"https:\/\/www.elecprime.net\/es\/epdka309-4","title":{"rendered":"EPDKA409"},"content":{"rendered":"<section class=\"l-section wpb_row height_large color_secondary with_img\"><div class=\"l-section-img\" data-img-width=\"1920\" data-img-height=\"1000\" style=\"background-image: url(https:\/\/www.elecprime.net\/wp-content\/uploads\/2023\/12\/bg-7.jpg);\"><\/div><div class=\"l-section-overlay\" style=\"background:rgba(0,0,0,0.1)\"><\/div><div class=\"l-section-h i-cf\"><div class=\"g-cols vc_row via_grid cols_1 laptops-cols_inherit tablets-cols_1 mobiles-cols_1 valign_top type_default reversed stacking_default\" style=\"grid-gap:0rem;\"><div class=\"wpb_column vc_column_container us_custom_fd43344c\"><div class=\"vc_column-inner\"><ol class=\"g-breadcrumbs us_custom_6df4bc3a has_text_color separator_icon align_none\" itemscope itemtype=\"http:\/\/schema.org\/BreadcrumbList\"><li class=\"g-breadcrumbs-item\" itemscope itemprop=\"itemListElement\" itemtype=\"http:\/\/schema.org\/ListItem\"><a itemprop=\"item\" href=\"https:\/\/www.elecprime.net\/es\/\"><span itemprop=\"name\">Generadores diesel Cummins<\/span><\/a><meta itemprop=\"position\" content=\"1\"\/><\/li><li class=\"g-breadcrumbs-separator\"><i class=\"far fa-angle-right\"><\/i><\/li><li class=\"g-breadcrumbs-item\">P\u00e1ginas<\/li><\/ol><div class=\"w-separator size_small\"><\/div><h1 class=\"w-post-elm post_title us_custom_058139f5 entry-title color_link_inherit\">EPDKA409<\/h1><div class=\"w-hwrapper align_none valign_middle wrap\" style=\"--hwrapper-gap:3rem\"><\/div><\/div><\/div><\/div><\/div><\/section><section class=\"l-section wpb_row height_small\"><div class=\"l-section-h i-cf\"><div class=\"g-cols vc_row via_grid cols_1 laptops-cols_inherit tablets-cols_inherit mobiles-cols_1 valign_top type_default stacking_default\"><div class=\"wpb_column vc_column_container\"><div class=\"vc_column-inner\"><\/div><\/div><\/div><\/div><\/section><section class=\"l-section wpb_row height_auto\"><div class=\"l-section-h i-cf\"><div class=\"g-cols vc_row via_grid cols_3 laptops-cols_inherit tablets-cols_inherit mobiles-cols_1 valign_top type_default stacking_default\"><div class=\"wpb_column vc_column_container\"><div class=\"vc_column-inner\"><h4 class=\"w-text us_custom_a6ceb248\"><span class=\"w-text-h\"><span class=\"w-text-value\">Grupo electr\u00f3geno diesel\uff1a<\/span><\/span><\/h4><div class=\"wpb_text_column\"><div class=\"wpb_wrapper\"><p>Modelo: EPDKA409<br \/>\nPotencia nominal: 409 kW<br \/>\nCorriente de salida: 736 A<br \/>\nPeso: 3100 kg<br \/>\nDimensiones: 3100x1400x1950(mm)<br \/>\nTensi\u00f3n de salida: 400\/230 V<\/p>\n<\/div><\/div><\/div><\/div><div class=\"wpb_column vc_column_container\"><div class=\"vc_column-inner\"><h4 class=\"w-text us_custom_a6ceb248\"><span class=\"w-text-h\"><span class=\"w-text-value\">Controlador :<\/span><\/span><\/h4><div class=\"wpb_text_column\"><div class=\"wpb_wrapper\"><p>Marca: Zhengzhou Zhongzhi<br \/>\nPantalla: LCD<br \/>\nIdiomas: Compatible con ocho idiomas<br \/>\nFunciones autom\u00e1ticas: Detecci\u00f3n autom\u00e1tica, arranque autom\u00e1tico, parada autom\u00e1tica<br \/>\nSistema de transmisi\u00f3n autom\u00e1tica (ATS) disponible<br \/>\nControlador de profundidad sustituible<\/p>\n<\/div><\/div><\/div><\/div><div class=\"wpb_column vc_column_container\"><div class=\"vc_column-inner\"><div class=\"w-image align_none\"><div class=\"w-image-h\"><img loading=\"lazy\" decoding=\"async\" width=\"750\" height=\"400\" src=\"https:\/\/www.elecprime.net\/wp-content\/uploads\/2025\/10\/\u77e2\u91cf.jpg\" class=\"attachment-large size-large\" alt=\"\" srcset=\"https:\/\/www.elecprime.net\/wp-content\/uploads\/2025\/10\/\u77e2\u91cf.jpg 750w, https:\/\/www.elecprime.net\/wp-content\/uploads\/2025\/10\/\u77e2\u91cf-150x80.jpg 150w, https:\/\/www.elecprime.net\/wp-content\/uploads\/2025\/10\/\u77e2\u91cf-18x10.jpg 18w\" sizes=\"auto, (max-width: 750px) 100vw, 750px\" \/><\/div><\/div><\/div><\/div><\/div><\/div><\/section><section class=\"l-section wpb_row height_auto\"><div class=\"l-section-h i-cf\"><div class=\"g-cols vc_row via_grid cols_3 laptops-cols_inherit tablets-cols_inherit mobiles-cols_1 valign_top type_default stacking_default\"><div class=\"wpb_column vc_column_container\"><div class=\"vc_column-inner\"><h4 class=\"w-text us_custom_a6ceb248\"><span class=\"w-text-h\"><span class=\"w-text-value\">Motor diesel :<\/span><\/span><\/h4><div class=\"wpb_text_column\"><div class=\"wpb_wrapper\"><p>Modelo: QSZ13-G3<br \/>\nPotencia nominal: 450 kW<br \/>\nPotencia de reserva: 470 kW<br \/>\nFabricante: Dongfeng Cummins<br \/>\nDi\u00e1metro del cilindro: 130 mm<br \/>\nCarrera: 163 mm<br \/>\nControl de velocidad: Electr\u00f3nico (R\/MIN)<br \/>\nCilindrada: 13 L<br \/>\nConsumo nominal de combustible: 200 g\/kW-h<br \/>\nConsumo nominal de aceite: 0,3 g\/kW-h<br \/>\nRefrigeraci\u00f3n: Circulaci\u00f3n de agua cerrada con refrigeraci\u00f3n por aire forzado<br \/>\nVelocidad: 1500 rpm<br \/>\nRango de temperatura ajustable por termostato: 82-93\u00b0C<br \/>\nTemperatura de escape: 405\/410\u00b0C<br \/>\nContrapresi\u00f3n admisible: 10 kPa<br \/>\nResistencia de admisi\u00f3n: 2,5 kPa<br \/>\nConsumo de combustible: \u2264 205 g\/kW-h<br \/>\nDisposici\u00f3n de los cilindros: Tipo L<br \/>\nArranque El\u00e9ctrico<\/p>\n<\/div><\/div><\/div><\/div><div class=\"wpb_column vc_column_container\"><div class=\"vc_column-inner\"><h4 class=\"w-text us_custom_a6ceb248\"><span class=\"w-text-h\"><span class=\"w-text-value\">Alternador :<\/span><\/span><\/h4><div class=\"wpb_text_column\"><div class=\"wpb_wrapper\"><p>Modelo: EP-409<br \/>\nMarca: ELECPRIME<br \/>\nTipo de motor: Generador s\u00edncrono trif\u00e1sico de CA sin escobillas<br \/>\nRegulaci\u00f3n de tensi\u00f3n: AVR (regulaci\u00f3n autom\u00e1tica de la tensi\u00f3n)<br \/>\nAumento de temperatura: 12\u00b0C<br \/>\nSobrecorriente: 3-51e \u2265 5s<br \/>\nCapacidad de sobrecarga: 3-51e \u2265 5s<br \/>\nCorriente de cortocircuito: 3 veces durante 2 segundos<br \/>\nCapacidad de cortocircuito: 3 veces durante 2 segundos<br \/>\nEficacia: 92,4<br \/>\nGrado de aislamiento\/protecci\u00f3n: Clase H\/IP23<br \/>\nCableado: Trif\u00e1sico de cuatro hilos, conexi\u00f3n en Y<br \/>\nTensi\u00f3n nominal: 400\/230 V<br \/>\nMaterial de bobinado: Cobre 100%<br \/>\nRefrigeraci\u00f3n: Auto-refrigeraci\u00f3n<br \/>\nExcitaci\u00f3n: Autoexcitado (con motor de imanes permanentes PMG)<br \/>\nFactor de interferencia telef\u00f3nica: THF &lt; 2, TIF &lt; 50<\/p>\n<\/div><\/div><\/div><\/div><div class=\"wpb_column vc_column_container\"><div class=\"vc_column-inner\"><h4 class=\"w-text us_custom_a6ceb248\"><span class=\"w-text-h\"><span class=\"w-text-value\">Otros componentes:<\/span><\/span><\/h4><div class=\"wpb_text_column\"><div class=\"wpb_wrapper\"><p>Material de la base: Viga en I o canal de acero<br \/>\nResistencia de la base: Supera una prueba de torsi\u00f3n de 500 kg<br \/>\nMaterial del tanque de agua de refrigeraci\u00f3n: Aluminio (Tanque de Cobre Completo Disponible)<br \/>\nEspacio entre las aletas del dep\u00f3sito de agua de refrigeraci\u00f3n: 0.80cm<br \/>\nMaterial del dep\u00f3sito de combustible: acero laminado en fr\u00edo de 2 mm de alta calidad<br \/>\nSilenciador: Silenciador industrial de doble capa de nido de abeja<br \/>\nAmortiguadores: Amortiguadores de goma en forma de cuenco o cuadrado<br \/>\nBater\u00eda: Sin mantenimiento<br \/>\nDep\u00f3sito de combustible independiente opcional (200L-1000L)<br \/>\nFiltro de aire de alta calidad<br \/>\nFiltro diesel de alta calidad<br \/>\nFiltro de aceite de alta calidad<\/p>\n<\/div><\/div><\/div><\/div><\/div><\/div><\/section><section class=\"l-section wpb_row us_custom_eb849559 height_small\"><div class=\"l-section-h i-cf\"><div class=\"g-cols vc_row via_grid cols_1 laptops-cols_inherit tablets-cols_inherit mobiles-cols_1 valign_top type_default stacking_default\"><div class=\"wpb_column vc_column_container\"><div class=\"vc_column-inner\"><div class=\"w-popup w-btn-wrapper align_none\"><button aria-label=\"Obtener presupuesto\" class=\"w-popup-trigger type_btn w-btn us-btn-style_1\"><span class=\"w-btn-label\">Obtener presupuesto<\/span><\/button><div class=\"w-popup-overlay\" style=\"background:rgba(0,0,0,0.85);\"><\/div><div class=\"w-popup-wrap\" style=\"--title-color:var(--color-content-heading);--title-bg-color:var(--color-content-bg-alt);--content-color:var(--color-content-text);--content-bg-color:var(--color-content-bg)\"><div class=\"w-popup-box animation_fadeIn closerpos_outside without_title\" style=\"width:600px;\"><div class=\"w-popup-box-h\"><div class=\"w-popup-box-content\" style=\"padding:5%;\"><div class=\"wpcf7 no-js\" id=\"wpcf7-f125-o1\" lang=\"en-US\" dir=\"ltr\" data-wpcf7-id=\"125\">\n<div class=\"screen-reader-response\"><p role=\"status\" aria-live=\"polite\" aria-atomic=\"true\"><\/p> <ul><\/ul><\/div>\n<form action=\"\/es\/wp-json\/wp\/v2\/pages\/21590#wpcf7-f125-o1\" method=\"post\" class=\"wpcf7-form init\" aria-label=\"Formulario de contacto\" novalidate=\"novalidate\" data-status=\"init\" data-trp-original-action=\"\/es\/wp-json\/wp\/v2\/pages\/21590#wpcf7-f125-o1\">\n<fieldset class=\"hidden-fields-container\"><input type=\"hidden\" name=\"_wpcf7\" value=\"125\" \/><input type=\"hidden\" name=\"_wpcf7_version\" value=\"6.1.4\" \/><input type=\"hidden\" name=\"_wpcf7_locale\" value=\"en_US\" \/><input type=\"hidden\" name=\"_wpcf7_unit_tag\" value=\"wpcf7-f125-o1\" \/><input type=\"hidden\" name=\"_wpcf7_container_post\" value=\"0\" \/><input type=\"hidden\" name=\"_wpcf7_posted_data_hash\" value=\"\" \/><input type=\"hidden\" name=\"_wpcf7dtx_version\" value=\"5.0.4\" \/>\n<\/fieldset>\n<div class=\"outer\">\n\t<div class=\"inner\">\n\t\t<p><span class=\"wpcf7-form-control-wrap\" data-name=\"your-name\"><input size=\"40\" maxlength=\"400\" class=\"wpcf7-form-control wpcf7-text wpcf7-validates-as-required\" aria-required=\"true\" aria-invalid=\"false\" placeholder=\"Tu nombre*\" value=\"\" type=\"text\" name=\"your-name\" \/><\/span>\n\t\t<\/p>\n\t<\/div>\n\t<div class=\"inner\">\n\t\t<p><span class=\"wpcf7-form-control-wrap\" data-name=\"your-email\"><input size=\"40\" maxlength=\"400\" class=\"wpcf7-form-control wpcf7-email wpcf7-validates-as-required wpcf7-text wpcf7-validates-as-email\" aria-required=\"true\" aria-invalid=\"false\" placeholder=\"Direcci\u00f3n de correo electr\u00f3nico\" value=\"\" type=\"email\" name=\"your-email\" \/><\/span>\n\t\t<\/p>\n\t<\/div>\n<\/div>\n<div class=\"outer\">\n\t<div class=\"inner\">\n\t\t<p><span class=\"wpcf7-form-control-wrap\" data-name=\"your-tel\"><input size=\"40\" maxlength=\"400\" class=\"wpcf7-form-control wpcf7-tel wpcf7-validates-as-required wpcf7-text wpcf7-validates-as-tel\" aria-required=\"true\" aria-invalid=\"false\" placeholder=\"Tu tel\u00e9fono*\" value=\"\" type=\"tel\" name=\"your-tel\" \/><\/span>\n\t\t<\/p>\n\t<\/div>\n\t<div class=\"inner\">\n\t\t<p><span class=\"wpcf7-form-control-wrap\" data-name=\"your-country\"><input size=\"40\" maxlength=\"400\" class=\"wpcf7-form-control wpcf7-text\" aria-invalid=\"false\" placeholder=\"Pa\u00eds o regi\u00f3n\" value=\"\" type=\"text\" name=\"your-country\" \/><\/span>\n\t\t<\/p>\n\t<\/div>\n<\/div>\n<div>\n\t<p><span class=\"wpcf7-form-control-wrap\" data-name=\"your-message\"><textarea cols=\"40\" rows=\"10\" maxlength=\"2000\" class=\"wpcf7-form-control wpcf7-textarea\" aria-invalid=\"false\" placeholder=\"Ind\u00edquenos su necesidad de la forma m\u00e1s concreta posible\" name=\"your-message\"><\/textarea><\/span>\n\t<\/p>\n<\/div>\n<div class=\"outer\">\n\t<div class=\"inner\">\n\t\t<p style=\"margin-top:1rem;font-size: 0.9rem;\">* Env\u00edenos su pregunta, le responderemos en las pr\u00f3ximas 24 Horas\n\t\t<\/p>\n\t<\/div>\n<\/div>\n<div class=\"form-button\">\n\t<p><input class=\"wpcf7-form-control wpcf7-submit has-spinner\" type=\"submit\" value=\"Enviar mensaje\" \/>\n\t<\/p>\n<\/div><div class=\"wpcf7-response-output\" aria-hidden=\"true\"><\/div>\n<input type=\"hidden\" name=\"trp-form-language\" value=\"es\"\/><\/form>\n<\/div>\n<\/div><\/div><\/div><div class=\"w-popup-closer\"><\/div><\/div><\/div><\/div><\/div><\/div><\/div><\/section>","protected":false},"excerpt":{"rendered":"Cummins Diesel GeneratorsP\u00e1ginasEPDKA409Grupo electr\u00f3geno diesel\uff1aModelo: EPDKA409 Potencia nominal: 409 kW Corriente de salida: 736 A Peso: 3100kg Dimensiones: 3100x1400x1950(mm) Voltaje de salida: 400\/230V Controlador :Marca: Zhengzhou Zhongzhi Pantalla: LCD Idiomas: Soporta ocho idiomas globales Funciones autom\u00e1ticas: Auto-detecci\u00f3n, auto-arranque, auto-parada Sistema de transmisi\u00f3n autom\u00e1tica (ATS) disponible Controlador de alta mar reemplazable Motor diesel :Modelo: QSZ13-G3 Potencia nominal: 450 kW...","protected":false},"author":15,"featured_media":0,"parent":0,"menu_order":0,"comment_status":"closed","ping_status":"closed","template":"","meta":{"footnotes":""},"class_list":["post-21590","page","type-page","status-publish","hentry"],"acf":[],"_links":{"self":[{"href":"https:\/\/www.elecprime.net\/es\/wp-json\/wp\/v2\/pages\/21590","targetHints":{"allow":["GET"]}}],"collection":[{"href":"https:\/\/www.elecprime.net\/es\/wp-json\/wp\/v2\/pages"}],"about":[{"href":"https:\/\/www.elecprime.net\/es\/wp-json\/wp\/v2\/types\/page"}],"author":[{"embeddable":true,"href":"https:\/\/www.elecprime.net\/es\/wp-json\/wp\/v2\/users\/15"}],"replies":[{"embeddable":true,"href":"https:\/\/www.elecprime.net\/es\/wp-json\/wp\/v2\/comments?post=21590"}],"version-history":[{"count":0,"href":"https:\/\/www.elecprime.net\/es\/wp-json\/wp\/v2\/pages\/21590\/revisions"}],"wp:attachment":[{"href":"https:\/\/www.elecprime.net\/es\/wp-json\/wp\/v2\/media?parent=21590"}],"curies":[{"name":"wp","href":"https:\/\/api.w.org\/{rel}","templated":true}]}}