{"id":20894,"date":"2025-09-14T21:23:34","date_gmt":"2025-09-15T01:23:34","guid":{"rendered":"https:\/\/www.zhiligenerator.com\/?page_id=20894"},"modified":"2025-12-28T23:33:48","modified_gmt":"2025-12-29T04:33:48","slug":"equipe","status":"publish","type":"page","link":"https:\/\/www.elecprime.net\/fr\/reunion-4","title":{"rendered":"L'\u00e9quipe"},"content":{"rendered":"<section class=\"l-section wpb_row height_large color_secondary with_img\"><div class=\"l-section-img\" data-img-width=\"1920\" data-img-height=\"1000\" style=\"background-image: url(https:\/\/www.elecprime.net\/wp-content\/uploads\/2023\/12\/bg-5.jpg);\"><\/div><div class=\"l-section-overlay\" style=\"background:rgba(0,0,0,0.15)\"><\/div><div class=\"l-section-h i-cf\"><div class=\"g-cols vc_row via_grid cols_1 laptops-cols_inherit tablets-cols_1 mobiles-cols_1 valign_top type_default reversed stacking_default\" style=\"grid-gap:0rem;\"><div class=\"wpb_column vc_column_container us_custom_fd43344c\"><div class=\"vc_column-inner\"><ol class=\"g-breadcrumbs us_custom_6df4bc3a has_text_color separator_icon align_none\" itemscope itemtype=\"http:\/\/schema.org\/BreadcrumbList\"><li class=\"g-breadcrumbs-item\" itemscope itemprop=\"itemListElement\" itemtype=\"http:\/\/schema.org\/ListItem\"><a itemprop=\"item\" href=\"https:\/\/www.elecprime.net\/fr\/\"><span itemprop=\"name\">Accueil<\/span><\/a><meta itemprop=\"position\" content=\"1\"\/><\/li><li class=\"g-breadcrumbs-separator\"><i class=\"far fa-angle-right\"><\/i><\/li><li class=\"g-breadcrumbs-item\">Pages<\/li><\/ol><div class=\"w-separator size_small\"><\/div><h1 class=\"w-text us_custom_a1d2f3db\"><span class=\"w-text-h\"><span class=\"w-text-value\">L'\u00e9quipe<\/span><\/span><\/h1><div class=\"w-separator size_small\"><\/div><\/div><\/div><\/div><\/div><\/section><section class=\"l-section wpb_row height_large\"><div class=\"l-section-h i-cf\"><div class=\"g-cols vc_row via_grid cols_1 laptops-cols_inherit tablets-cols_inherit mobiles-cols_1 valign_middle type_default stacking_default\" style=\"grid-gap:2rem;\"><div class=\"wpb_column vc_column_container\"><div class=\"vc_column-inner\"><div class=\"wpb_text_column us_custom_7a6fd723\"><div class=\"wpb_wrapper\"><h2>L'\u00e9quipe<\/h2>\n<\/div><\/div><div class=\"w-separator us_custom_6b7eec98 size_small\"><\/div><div class=\"wpb_text_column us_custom_40c523d3 has_text_color\"><div class=\"wpb_wrapper\"><p>Ningbo Zhili Electromechanical Equipment Co. dispose de droits d'importation et d'exportation ind\u00e9pendants. Depuis 1993, nous nous consacrons \u00e0 la production, \u00e0 la vente, \u00e0 l'installation, \u00e0 la maintenance et \u00e0 l'entretien de groupes \u00e9lectrog\u00e8nes et de leurs composants. Notre gamme de produits s'\u00e9tend de 1KW \u00e0 2000KW et comprend des groupes \u00e9lectrog\u00e8nes de marques renomm\u00e9es telles que Weichai, Shangchai, Yuchai, Changchai, des groupes \u00e9lectrog\u00e8nes \u00e0 essence, des groupes \u00e9lectrog\u00e8nes Cummins d'occasion, des groupes \u00e9lectrog\u00e8nes Perkins d'occasion, des groupes \u00e9lectrog\u00e8nes Volvo d'occasion, etc.<br \/>\nNous nous engageons \u00e0 fournir des groupes \u00e9lectrog\u00e8nes de haute qualit\u00e9 et des services connexes pour r\u00e9pondre \u00e0 vos besoins en mati\u00e8re de production d'\u00e9nergie. Notre \u00e9quipe est bien \u00e9quip\u00e9e et exp\u00e9riment\u00e9e pour s'assurer que vous recevez le meilleur soutien pour vos applications sp\u00e9cifiques.<br \/>\nContactez Ningbo Zhili Electromechanical Equipment Co. d\u00e8s aujourd'hui et faites de nous votre partenaire de confiance dans le monde de la production d'\u00e9nergie.<\/p>\n<\/div><\/div><div class=\"w-separator size_medium\"><\/div><div class=\"w-grid type_carousel layout_gallery_default hidden cols_4 valign_center\" id=\"us_grid_1\" style=\"--gap:1rem;\"><style>.layout_gallery_default .w-grid-item-h{}<\/style><div class=\"w-grid-list owl-carousel navstyle_circle navpos_outside\"><\/div><div class=\"g-preloader type_1\">\r\n\t<div><\/div>\r\n<\/div>\r\n\t<div class=\"w-grid-json hidden\" onclick='return {&quot;action&quot;:&quot;us_ajax_grid&quot;,&quot;ajax_url&quot;:&quot;https:\\\/\\\/www.elecprime.net\\\/wp-admin\\\/admin-ajax.php&quot;,&quot;infinite_scroll&quot;:0,&quot;max_num_pages&quot;:0,&quot;pagination&quot;:&quot;none&quot;,&quot;permalink_url&quot;:&quot;https:\\\/\\\/www.elecprime.net\\\/fr\\\/wp-json\\\/wp\\\/v2\\\/pages\\\/20894&quot;,&quot;template_vars&quot;:{&quot;columns&quot;:&quot;4&quot;,&quot;exclude_items&quot;:&quot;none&quot;,&quot;img_size&quot;:&quot;full&quot;,&quot;ignore_items_size&quot;:&quot;1&quot;,&quot;items_layout&quot;:&quot;gallery_default&quot;,&quot;items_offset&quot;:&quot;1&quot;,&quot;load_animation&quot;:&quot;none&quot;,&quot;overriding_link&quot;:&quot;none&quot;,&quot;post_id&quot;:0,&quot;query_args&quot;:{&quot;post_type&quot;:[&quot;attachment&quot;],&quot;post__in&quot;:[&quot;18266&quot;,&quot;18267&quot;,&quot;18268&quot;,&quot;18269&quot;,&quot;18270&quot;,&quot;18271&quot;,&quot;18272&quot;],&quot;post_status&quot;:&quot;inherit&quot;,&quot;post_mime_type&quot;:&quot;image&quot;,&quot;posts_per_page&quot;:&quot;30&quot;},&quot;orderby_query_args&quot;:{&quot;orderby&quot;:{&quot;post__in&quot;:&quot;ASC&quot;},&quot;order&quot;:&quot;ASC&quot;},&quot;type&quot;:&quot;carousel&quot;,&quot;us_grid_ajax_index&quot;:1,&quot;us_grid_filter_params&quot;:null,&quot;us_grid_index&quot;:1,&quot;_us_grid_post_type&quot;:&quot;attachment&quot;,&quot;page_args&quot;:[]},&quot;carousel_settings&quot;:{&quot;autoHeight&quot;:0,&quot;autoplay&quot;:0,&quot;carousel_fade&quot;:0,&quot;center&quot;:0,&quot;dots&quot;:0,&quot;items&quot;:&quot;4&quot;,&quot;loop&quot;:true,&quot;nav&quot;:0,&quot;slideby&quot;:&quot;1&quot;,&quot;smooth_play&quot;:0,&quot;speed&quot;:250,&quot;timeout&quot;:3000,&quot;transition&quot;:&quot;&quot;,&quot;aria_labels&quot;:{&quot;prev&quot;:&quot;Pr\\u00e9c\\u00e9dent&quot;,&quot;next&quot;:&quot;Suivant&quot;}},&quot;carousel_breakpoints&quot;:{&quot;0&quot;:{&quot;autoHeight&quot;:0,&quot;autoplay&quot;:1,&quot;autoplayHoverPause&quot;:1,&quot;items&quot;:1,&quot;loop&quot;:true,&quot;stagePadding&quot;:0},&quot;601&quot;:{&quot;autoHeight&quot;:0,&quot;autoplay&quot;:1,&quot;autoplayHoverPause&quot;:1,&quot;items&quot;:2,&quot;loop&quot;:true,&quot;stagePadding&quot;:0},&quot;1025&quot;:{&quot;autoHeight&quot;:0,&quot;autoplay&quot;:1,&quot;autoplayHoverPause&quot;:1,&quot;items&quot;:3,&quot;loop&quot;:true,&quot;stagePadding&quot;:0},&quot;1281&quot;:{&quot;items&quot;:4,&quot;stagePadding&quot;:0}}}'><\/div>\r\n\t<\/div><div class=\"w-grid-none type_message\">Aucun r\u00e9sultat.<\/div><\/div><\/div><\/div><\/div><\/section>","protected":false},"excerpt":{"rendered":"HomePagesTeamTeam Ningbo Zhili Electromechanical Equipment Co., Ltd. has independent import and export rights. Since 1993, we have been dedicated to the production, sales, installation, maintenance, and servicing of power generator sets and their components. Our product range spans from 1KW to 2000KW, encompassing generator sets from renowned brands such as Weichai, Shangchai, Yuchai, Changchai, gasoline...","protected":false},"author":12,"featured_media":0,"parent":0,"menu_order":0,"comment_status":"closed","ping_status":"closed","template":"","meta":{"footnotes":""},"class_list":["post-20894","page","type-page","status-publish","hentry"],"acf":[],"_links":{"self":[{"href":"https:\/\/www.elecprime.net\/fr\/wp-json\/wp\/v2\/pages\/20894","targetHints":{"allow":["GET"]}}],"collection":[{"href":"https:\/\/www.elecprime.net\/fr\/wp-json\/wp\/v2\/pages"}],"about":[{"href":"https:\/\/www.elecprime.net\/fr\/wp-json\/wp\/v2\/types\/page"}],"author":[{"embeddable":true,"href":"https:\/\/www.elecprime.net\/fr\/wp-json\/wp\/v2\/users\/12"}],"replies":[{"embeddable":true,"href":"https:\/\/www.elecprime.net\/fr\/wp-json\/wp\/v2\/comments?post=20894"}],"version-history":[{"count":2,"href":"https:\/\/www.elecprime.net\/fr\/wp-json\/wp\/v2\/pages\/20894\/revisions"}],"predecessor-version":[{"id":22220,"href":"https:\/\/www.elecprime.net\/fr\/wp-json\/wp\/v2\/pages\/20894\/revisions\/22220"}],"wp:attachment":[{"href":"https:\/\/www.elecprime.net\/fr\/wp-json\/wp\/v2\/media?parent=20894"}],"curies":[{"name":"wp","href":"https:\/\/api.w.org\/{rel}","templated":true}]}}