{"id":22160,"date":"2025-12-25T21:03:32","date_gmt":"2025-12-26T02:03:32","guid":{"rendered":"https:\/\/www.elecprime.net\/?page_id=22160"},"modified":"2025-12-25T21:03:32","modified_gmt":"2025-12-26T02:03:32","slug":"epdka18-82","status":"publish","type":"page","link":"https:\/\/www.elecprime.net\/fr\/epdka18-82","title":{"rendered":"EPJSA500"},"content":{"rendered":"<section class=\"l-section wpb_row height_large color_secondary with_img\"><div class=\"l-section-img\" data-img-width=\"1920\" data-img-height=\"1000\" style=\"background-image: url(https:\/\/www.elecprime.net\/wp-content\/uploads\/2023\/12\/bg-7.jpg);\"><\/div><div class=\"l-section-overlay\" style=\"background:rgba(0,0,0,0.1)\"><\/div><div class=\"l-section-h i-cf\"><div class=\"g-cols vc_row via_grid cols_1 laptops-cols_inherit tablets-cols_1 mobiles-cols_1 valign_top type_default reversed stacking_default\" style=\"grid-gap:0rem;\"><div class=\"wpb_column vc_column_container us_custom_fd43344c\"><div class=\"vc_column-inner\"><ol class=\"g-breadcrumbs us_custom_6df4bc3a has_text_color separator_icon align_none\" itemscope itemtype=\"http:\/\/schema.org\/BreadcrumbList\"><li class=\"g-breadcrumbs-item\" itemscope itemprop=\"itemListElement\" itemtype=\"http:\/\/schema.org\/ListItem\"><a itemprop=\"item\" href=\"https:\/\/www.elecprime.net\/fr\/\"><span itemprop=\"name\">G\u00e9n\u00e9rateurs diesel Cummins<\/span><\/a><meta itemprop=\"position\" content=\"1\"\/><\/li><li class=\"g-breadcrumbs-separator\"><i class=\"far fa-angle-right\"><\/i><\/li><li class=\"g-breadcrumbs-item\">Pages<\/li><\/ol><div class=\"w-separator size_small\"><\/div><h1 class=\"w-post-elm post_title us_custom_058139f5 entry-title color_link_inherit\">EPJSA500<\/h1><div class=\"w-hwrapper align_none valign_middle wrap\" style=\"--hwrapper-gap:3rem\"><\/div><\/div><\/div><\/div><\/div><\/section><section class=\"l-section wpb_row height_small\"><div class=\"l-section-h i-cf\"><div class=\"g-cols vc_row via_grid cols_1 laptops-cols_inherit tablets-cols_inherit mobiles-cols_1 valign_top type_default stacking_default\"><div class=\"wpb_column vc_column_container\"><div class=\"vc_column-inner\"><\/div><\/div><\/div><\/div><\/section><section class=\"l-section wpb_row height_auto\"><div class=\"l-section-h i-cf\"><div class=\"g-cols vc_row via_grid cols_3 laptops-cols_inherit tablets-cols_inherit mobiles-cols_1 valign_top type_default stacking_default\"><div class=\"wpb_column vc_column_container\"><div class=\"vc_column-inner\"><h4 class=\"w-text us_custom_a6ceb248\"><span class=\"w-text-h\"><span class=\"w-text-value\">Groupe \u00e9lectrog\u00e8ne diesel\uff1a<\/span><\/span><\/h4><div class=\"wpb_text_column\"><div class=\"wpb_wrapper\"><p>Mod\u00e8le : EPJSA500<br \/>\nPuissance nominale : 500 kW<br \/>\nCourant de sortie : 900 A<br \/>\nPoids : 4300 kg<br \/>\nDimensions : 3900\u00d71470\u00d72197mm<br \/>\nTension de sortie : 400\/230V<\/p>\n<\/div><\/div><\/div><\/div><div class=\"wpb_column vc_column_container\"><div class=\"vc_column-inner\"><h4 class=\"w-text us_custom_a6ceb248\"><span class=\"w-text-h\"><span class=\"w-text-value\">Contr\u00f4leur :<\/span><\/span><\/h4><div class=\"wpb_text_column\"><div class=\"wpb_wrapper\"><p>Marque : Zhengzhou Zhongzhi<br \/>\nAffichage : LCD<br \/>\nLangues : Prise en charge de huit langues internationales<br \/>\nFonctions automatiques : D\u00e9tection automatique, d\u00e9marrage automatique, arr\u00eat automatique<br \/>\nSyst\u00e8me de transmission automatique (ATS) disponible<br \/>\nContr\u00f4leur rempla\u00e7able pour les eaux profondes<\/p>\n<\/div><\/div><\/div><\/div><div class=\"wpb_column vc_column_container\"><div class=\"vc_column-inner\"><div class=\"w-image align_none\"><div class=\"w-image-h\"><img loading=\"lazy\" decoding=\"async\" width=\"750\" height=\"400\" src=\"https:\/\/www.elecprime.net\/wp-content\/uploads\/2025\/10\/\u77e2\u91cf.jpg\" class=\"attachment-large size-large\" alt=\"\" srcset=\"https:\/\/www.elecprime.net\/wp-content\/uploads\/2025\/10\/\u77e2\u91cf.jpg 750w, https:\/\/www.elecprime.net\/wp-content\/uploads\/2025\/10\/\u77e2\u91cf-150x80.jpg 150w, https:\/\/www.elecprime.net\/wp-content\/uploads\/2025\/10\/\u77e2\u91cf-18x10.jpg 18w\" sizes=\"auto, (max-width: 750px) 100vw, 750px\" \/><\/div><\/div><\/div><\/div><\/div><\/div><\/section><section class=\"l-section wpb_row height_auto\"><div class=\"l-section-h i-cf\"><div class=\"g-cols vc_row via_grid cols_3 laptops-cols_inherit tablets-cols_inherit mobiles-cols_1 valign_top type_default stacking_default\"><div class=\"wpb_column vc_column_container\"><div class=\"vc_column-inner\"><h4 class=\"w-text us_custom_a6ceb248\"><span class=\"w-text-h\"><span class=\"w-text-value\">Moteur diesel :<\/span><\/span><\/h4><div class=\"wpb_text_column\"><div class=\"wpb_wrapper\"><p>Mod\u00e8le : 2806C-E18TAG1A<br \/>\nPuissance nominale : 532 kW<br \/>\nPuissance en veille : 583 kW<br \/>\nFabricant : Perkins<br \/>\nAl\u00e9sage du cylindre : 145 mm<br \/>\nCourse : 183 mm<br \/>\nContr\u00f4le de la vitesse : \u00c9lectronique (R\/MIN)<br \/>\nCylindr\u00e9e : 18.1 L<br \/>\nConsommation nominale de carburant : 200 g\/kW-h<br \/>\nConsommation d'huile nominale : 0,3 g\/kW-h<br \/>\nRefroidissement : Circulation d'eau en circuit ferm\u00e9 avec refroidissement par air forc\u00e9<br \/>\nVitesse : 1500 tr\/min<br \/>\nPlage de temp\u00e9rature r\u00e9glable par thermostat : 82-93\u00b0C<br \/>\nTemp\u00e9rature d'\u00e9chappement : 405\/410\u00b0C<br \/>\nContre-pression admissible : 10 kPa<br \/>\nR\u00e9sistance \u00e0 l'aspiration : 2,5 kPa<br \/>\nConsommation de carburant : \u2264 205 g\/kW-h<br \/>\nDisposition des cylindres : Type L<br \/>\nD\u00e9marrage : \u00c9lectrique<\/p>\n<\/div><\/div><\/div><\/div><div class=\"wpb_column vc_column_container\"><div class=\"vc_column-inner\"><h4 class=\"w-text us_custom_a6ceb248\"><span class=\"w-text-h\"><span class=\"w-text-value\">Alternateur :<\/span><\/span><\/h4><div class=\"wpb_text_column\"><div class=\"wpb_wrapper\"><p>Mod\u00e8le : EP-500<br \/>\nMarque : ELECPRIME<br \/>\nType de moteur : G\u00e9n\u00e9rateur synchrone AC triphas\u00e9 sans balais<br \/>\nR\u00e9gulation de la tension : AVR (R\u00e9gulation automatique de la tension)<br \/>\nAugmentation de la temp\u00e9rature : H\u00b0C<br \/>\nSurintensit\u00e9 : 3-51e \u2265 5s<br \/>\nCapacit\u00e9 de surcharge : 3-51e \u2265 5s<br \/>\nCourant de court-circuit : 3 fois pendant 2 secondes<br \/>\nCapacit\u00e9 de court-circuit : 3 fois pendant 2 secondes<br \/>\nEfficacit\u00e9 : 92,4<br \/>\nClasse d'isolation\/protection : Classe H\/IP23<br \/>\nC\u00e2blage : Triphas\u00e9 \u00e0 quatre fils, connexion en Y<br \/>\nTension nominale : 400\/230V<br \/>\nMat\u00e9riau de l'enroulement : 100% Cuivre<br \/>\nRefroidissement : Auto-refroidissement<br \/>\nExcitation : Auto-excitation (avec moteur \u00e0 aimant permanent PMG)<br \/>\nFacteur d'interf\u00e9rence t\u00e9l\u00e9phonique : THF &lt; 2, TIF &lt; 50<\/p>\n<\/div><\/div><\/div><\/div><div class=\"wpb_column vc_column_container\"><div class=\"vc_column-inner\"><h4 class=\"w-text us_custom_a6ceb248\"><span class=\"w-text-h\"><span class=\"w-text-value\">Autres composants :<\/span><\/span><\/h4><div class=\"wpb_text_column\"><div class=\"wpb_wrapper\"><p>Mat\u00e9riau de base : Poutre en I ou profil\u00e9 en acier<br \/>\nR\u00e9sistance de la base : Test de couple de 500 kg<br \/>\nMat\u00e9riau du r\u00e9servoir d'eau de refroidissement : Aluminium (r\u00e9servoir en cuivre disponible)<br \/>\nEspacement des ailettes du r\u00e9servoir d'eau de refroidissement : 0.80cm<br \/>\nMat\u00e9riau du r\u00e9servoir de carburant : acier lamin\u00e9 \u00e0 froid de haute qualit\u00e9 de 2 mm<br \/>\nSilencieux : Silencieux industriel double couche en nid d'abeille<br \/>\nAmortisseurs : Amortisseurs en caoutchouc en forme de bol ou de carr\u00e9<br \/>\nBatterie : Sans entretien<br \/>\nR\u00e9servoir de carburant ind\u00e9pendant en option (200L-1000L)<br \/>\nFiltre \u00e0 air de haute qualit\u00e9<br \/>\nFiltre diesel de haute qualit\u00e9<br \/>\nFiltre \u00e0 huile de haute qualit\u00e9<\/p>\n<\/div><\/div><\/div><\/div><\/div><\/div><\/section><section class=\"l-section wpb_row us_custom_eb849559 height_small\"><div class=\"l-section-h i-cf\"><div class=\"g-cols vc_row via_grid cols_1 laptops-cols_inherit tablets-cols_inherit mobiles-cols_1 valign_top type_default stacking_default\"><div class=\"wpb_column vc_column_container\"><div class=\"vc_column-inner\"><div class=\"w-popup w-btn-wrapper align_none\"><button aria-label=\"Obtenir un devis\" class=\"w-popup-trigger type_btn w-btn us-btn-style_1\"><span class=\"w-btn-label\">Obtenir un devis<\/span><\/button><div class=\"w-popup-overlay\" style=\"background:rgba(0,0,0,0.85);\"><\/div><div class=\"w-popup-wrap\" style=\"--title-color:var(--color-content-heading);--title-bg-color:var(--color-content-bg-alt);--content-color:var(--color-content-text);--content-bg-color:var(--color-content-bg)\"><div class=\"w-popup-box animation_fadeIn closerpos_outside without_title\" style=\"width:600px;\"><div class=\"w-popup-box-h\"><div class=\"w-popup-box-content\" style=\"padding:5%;\"><div class=\"wpcf7 no-js\" id=\"wpcf7-f125-o1\" lang=\"en-US\" dir=\"ltr\" data-wpcf7-id=\"125\">\n<div class=\"screen-reader-response\"><p role=\"status\" aria-live=\"polite\" aria-atomic=\"true\"><\/p> <ul><\/ul><\/div>\n<form action=\"\/fr\/wp-json\/wp\/v2\/pages\/22160#wpcf7-f125-o1\" method=\"post\" class=\"wpcf7-form init\" aria-label=\"Formulaire de contact\" novalidate=\"novalidate\" data-status=\"init\" data-trp-original-action=\"\/fr\/wp-json\/wp\/v2\/pages\/22160#wpcf7-f125-o1\">\n<fieldset class=\"hidden-fields-container\"><input type=\"hidden\" name=\"_wpcf7\" value=\"125\" \/><input type=\"hidden\" name=\"_wpcf7_version\" value=\"6.1.4\" \/><input type=\"hidden\" name=\"_wpcf7_locale\" value=\"en_US\" \/><input type=\"hidden\" name=\"_wpcf7_unit_tag\" value=\"wpcf7-f125-o1\" \/><input type=\"hidden\" name=\"_wpcf7_container_post\" value=\"0\" \/><input type=\"hidden\" name=\"_wpcf7_posted_data_hash\" value=\"\" \/><input type=\"hidden\" name=\"_wpcf7dtx_version\" value=\"5.0.4\" \/>\n<\/fieldset>\n<div class=\"outer\">\n\t<div class=\"inner\">\n\t\t<p><span class=\"wpcf7-form-control-wrap\" data-name=\"your-name\"><input size=\"40\" maxlength=\"400\" class=\"wpcf7-form-control wpcf7-text wpcf7-validates-as-required\" aria-required=\"true\" aria-invalid=\"false\" placeholder=\"Votre nom*\" value=\"\" type=\"text\" name=\"your-name\" \/><\/span>\n\t\t<\/p>\n\t<\/div>\n\t<div class=\"inner\">\n\t\t<p><span class=\"wpcf7-form-control-wrap\" data-name=\"your-email\"><input size=\"40\" maxlength=\"400\" class=\"wpcf7-form-control wpcf7-email wpcf7-validates-as-required wpcf7-text wpcf7-validates-as-email\" aria-required=\"true\" aria-invalid=\"false\" placeholder=\"Adresse \u00e9lectronique*\" value=\"\" type=\"email\" name=\"your-email\" \/><\/span>\n\t\t<\/p>\n\t<\/div>\n<\/div>\n<div class=\"outer\">\n\t<div class=\"inner\">\n\t\t<p><span class=\"wpcf7-form-control-wrap\" data-name=\"your-tel\"><input size=\"40\" maxlength=\"400\" class=\"wpcf7-form-control wpcf7-tel wpcf7-validates-as-required wpcf7-text wpcf7-validates-as-tel\" aria-required=\"true\" aria-invalid=\"false\" placeholder=\"Votre t\u00e9l\u00e9phone*\" value=\"\" type=\"tel\" name=\"your-tel\" \/><\/span>\n\t\t<\/p>\n\t<\/div>\n\t<div class=\"inner\">\n\t\t<p><span class=\"wpcf7-form-control-wrap\" data-name=\"your-country\"><input size=\"40\" maxlength=\"400\" class=\"wpcf7-form-control wpcf7-text\" aria-invalid=\"false\" placeholder=\"Pays ou r\u00e9gion\" value=\"\" type=\"text\" name=\"your-country\" \/><\/span>\n\t\t<\/p>\n\t<\/div>\n<\/div>\n<div>\n\t<p><span class=\"wpcf7-form-control-wrap\" data-name=\"your-message\"><textarea cols=\"40\" rows=\"10\" maxlength=\"2000\" class=\"wpcf7-form-control wpcf7-textarea\" aria-invalid=\"false\" placeholder=\"Pr\u00e9cisez votre besoin le plus pr\u00e9cis\u00e9ment possible\" name=\"your-message\"><\/textarea><\/span>\n\t<\/p>\n<\/div>\n<div class=\"outer\">\n\t<div class=\"inner\">\n\t\t<p style=\"margin-top:1rem;font-size: 0.9rem;\">* Envoyez-nous votre question, nous vous r\u00e9pondrons dans les 24 heures.\n\t\t<\/p>\n\t<\/div>\n<\/div>\n<div class=\"form-button\">\n\t<p><input class=\"wpcf7-form-control wpcf7-submit has-spinner\" type=\"submit\" value=\"Envoyer un message\" \/>\n\t<\/p>\n<\/div><div class=\"wpcf7-response-output\" aria-hidden=\"true\"><\/div>\n<input type=\"hidden\" name=\"trp-form-language\" value=\"fr\"\/><\/form>\n<\/div>\n<\/div><\/div><\/div><div class=\"w-popup-closer\"><\/div><\/div><\/div><\/div><\/div><\/div><\/div><\/section>","protected":false},"excerpt":{"rendered":"Cummins Diesel GeneratorsPagesEPJSA500Diesel Generator Set\uff1aModel: EPJSA500 Rated Power: 500 kW Output Current: 900 A Weight: 4300kg Dimensions: 3900\u00d71470\u00d72197mm Output Voltage: 400\/230V Controller :Brand: Zhengzhou Zhongzhi Display: LCD Languages: Supports eight global languages Automatic functions: Auto-detect, auto-start, auto-stop Automatic Transmission System (ATS) available Replaceable Deep Sea Controller Diesel Engine :Model: 2806C-E18TAG1A Rated Power: 532 kW Standby...","protected":false},"author":15,"featured_media":0,"parent":0,"menu_order":0,"comment_status":"closed","ping_status":"closed","template":"","meta":{"footnotes":""},"class_list":["post-22160","page","type-page","status-publish","hentry"],"acf":[],"_links":{"self":[{"href":"https:\/\/www.elecprime.net\/fr\/wp-json\/wp\/v2\/pages\/22160","targetHints":{"allow":["GET"]}}],"collection":[{"href":"https:\/\/www.elecprime.net\/fr\/wp-json\/wp\/v2\/pages"}],"about":[{"href":"https:\/\/www.elecprime.net\/fr\/wp-json\/wp\/v2\/types\/page"}],"author":[{"embeddable":true,"href":"https:\/\/www.elecprime.net\/fr\/wp-json\/wp\/v2\/users\/15"}],"replies":[{"embeddable":true,"href":"https:\/\/www.elecprime.net\/fr\/wp-json\/wp\/v2\/comments?post=22160"}],"version-history":[{"count":1,"href":"https:\/\/www.elecprime.net\/fr\/wp-json\/wp\/v2\/pages\/22160\/revisions"}],"predecessor-version":[{"id":22161,"href":"https:\/\/www.elecprime.net\/fr\/wp-json\/wp\/v2\/pages\/22160\/revisions\/22161"}],"wp:attachment":[{"href":"https:\/\/www.elecprime.net\/fr\/wp-json\/wp\/v2\/media?parent=22160"}],"curies":[{"name":"wp","href":"https:\/\/api.w.org\/{rel}","templated":true}]}}