{"id":17309,"date":"2025-12-22T06:52:00","date_gmt":"2025-12-22T11:52:00","guid":{"rendered":"http:\/\/cassie.linkerr.cn\/?page_id=17309"},"modified":"2025-12-22T19:47:11","modified_gmt":"2025-12-23T00:47:11","slug":"odm","status":"publish","type":"page","link":"https:\/\/www.elecprime.net\/pt\/solucao-personalizada","title":{"rendered":"Solu\u00e7\u00e3o personalizada"},"content":{"rendered":"<section class=\"l-section wpb_row us_custom_feeb95ae height_huge color_footer-bottom with_img\"><div class=\"l-section-img\" data-img-width=\"1920\" data-img-height=\"1000\" style=\"background-image: url(https:\/\/www.elecprime.net\/wp-content\/uploads\/2023\/12\/bg-4.jpg);\"><\/div><div class=\"l-section-overlay\" style=\"background:rgba(0,0,0,0.4)\"><\/div><div class=\"l-section-h i-cf\"><div class=\"g-cols vc_row via_grid cols_1 laptops-cols_inherit tablets-cols_1 mobiles-cols_1 valign_middle type_default stacking_default\" style=\"grid-gap:5vw;\"><div class=\"wpb_column vc_column_container\"><div class=\"vc_column-inner\"><h1 class=\"w-text us_custom_668810a0 has_text_color\"><span class=\"w-text-h\"><span class=\"w-text-value\">Solu\u00e7\u00e3o personalizada<\/span><\/span><\/h1><div class=\"w-separator us_custom_db75cac3 size_small\"><\/div><div class=\"wpb_text_column us_custom_2b7556c6 has_text_color\"><div class=\"wpb_wrapper\"><p style=\"text-align: center;\"><span class=\"spark-text\">Escolha os nossos geradores personalizados para obter um desempenho e fiabilidade sem paralelo, juntamente com um design e funcionalidade personalizados, adaptados \u00e0s suas necessidades espec\u00edficas.<\/span><\/p>\n<\/div><\/div><div class=\"w-separator size_medium\"><\/div><\/div><\/div><\/div><\/div><\/section><section class=\"l-section wpb_row height_large\"><div class=\"l-section-h i-cf\"><div class=\"g-cols vc_row via_grid cols_1 laptops-cols_inherit tablets-cols_inherit mobiles-cols_1 valign_top type_default stacking_default\"><div class=\"wpb_column vc_column_container\"><div class=\"vc_column-inner\"><div class=\"w-image align_none\"><div class=\"w-image-h\"><img loading=\"lazy\" decoding=\"async\" width=\"1400\" height=\"840\" src=\"https:\/\/www.elecprime.net\/wp-content\/uploads\/2025\/10\/111-2048x1229.jpg\" class=\"attachment-large size-large\" alt=\"\" srcset=\"https:\/\/www.elecprime.net\/wp-content\/uploads\/2025\/10\/111-2048x1229.jpg 2048w, https:\/\/www.elecprime.net\/wp-content\/uploads\/2025\/10\/111-1320x792.jpg 1320w, https:\/\/www.elecprime.net\/wp-content\/uploads\/2025\/10\/111-150x90.jpg 150w, https:\/\/www.elecprime.net\/wp-content\/uploads\/2025\/10\/111-18x12.jpg 18w, https:\/\/www.elecprime.net\/wp-content\/uploads\/2025\/10\/111-1536x922.jpg 1536w\" sizes=\"auto, (max-width: 1400px) 100vw, 1400px\" \/><\/div><\/div><\/div><\/div><\/div><\/div><\/section><section class=\"l-section wpb_row height_auto\"><div class=\"l-section-h i-cf\"><div class=\"g-cols vc_row via_grid cols_1 laptops-cols_inherit tablets-cols_inherit mobiles-cols_1 valign_top type_default stacking_default\"><div class=\"wpb_column vc_column_container\"><div class=\"vc_column-inner\"><h2 class=\"w-text us_custom_eb849559\"><span class=\"w-text-h\"><span class=\"w-text-value\">Solu\u00e7\u00f5es personalizadas para grupos electrog\u00e9neos<\/span><\/span><\/h2><\/div><\/div><\/div><\/div><\/section><section class=\"l-section wpb_row height_medium\"><div class=\"l-section-h i-cf\"><div class=\"g-cols vc_row via_grid cols_1 laptops-cols_inherit tablets-cols_inherit mobiles-cols_1 valign_top type_default stacking_default\"><div class=\"wpb_column vc_column_container us_custom_eb849559\"><div class=\"vc_column-inner\"><div class=\"g-cols wpb_row via_grid cols_1 laptops-cols_inherit tablets-cols_inherit mobiles-cols_1 valign_top type_default stacking_default\"><div class=\"wpb_column vc_column_container\"><div class=\"vc_column-inner\"><div class=\"wpb_text_column\"><div class=\"wpb_wrapper\"><p style=\"text-align: left;\"><strong>1. Solu\u00e7\u00f5es de fontes de alimenta\u00e7\u00e3o prim\u00e1rias:<\/strong><br \/>\nQuando n\u00e3o existe uma rede el\u00e9ctrica est\u00e1vel ou o custo da liga\u00e7\u00e3o \u00e0 rede \u00e9 proibitivamente elevado, os grupos electrog\u00e9neos s\u00e3o a principal fonte de eletricidade.<br \/>\n\u2460 Fornecimento de energia para minas, campos de petr\u00f3leo, explora\u00e7\u00e3o de campos, \u00e1reas montanhosas remotas, ilhas, quintas e pastagens.<br \/>\nServir como energia di\u00e1ria para comunidades, f\u00e1bricas e empresas em \u00e1reas com infra-estruturas subdesenvolvidas.<br \/>\n\u2462 Montado em reboques para fornecer energia prim\u00e1ria para locais m\u00f3veis.<\/p>\n<p style=\"text-align: left;\"><strong>2. Solu\u00e7\u00f5es de alimenta\u00e7\u00e3o el\u00e9ctrica de emerg\u00eancia\/em espera:<\/strong><br \/>\nQuando a fonte de alimenta\u00e7\u00e3o principal \u00e9 subitamente interrompida, o grupo eletrog\u00e9neo arranca automaticamente para restabelecer a alimenta\u00e7\u00e3o do equipamento cr\u00edtico, evitando perdas causadas por falhas de energia.<br \/>\n\u2460 Energia de reserva para centros de dados e salas de servidores.<br \/>\n\u2461 Energia de reserva para equipamento m\u00e9dico e frigor\u00edficos que armazenam medicamentos sens\u00edveis \u00e0 temperatura.<br \/>\n\u2462 Energia de emerg\u00eancia para elevadores, ilumina\u00e7\u00e3o de emerg\u00eancia, sistemas de prote\u00e7\u00e3o contra inc\u00eandios e sistemas de seguran\u00e7a em edif\u00edcios comerciais e industriais.<br \/>\n\u2463 Energia de reserva para a produ\u00e7\u00e3o industrial para evitar danos no equipamento e perdas de produ\u00e7\u00e3o causadas por falhas de energia.<\/p>\n<p style=\"text-align: left;\"><strong>3. Solu\u00e7\u00f5es de fontes de alimenta\u00e7\u00e3o m\u00f3veis:<\/strong><br \/>\nOs grupos geradores m\u00f3veis montados em reboques fornecem eletricidade a locais sem acesso a uma fonte de energia fixa.<br \/>\n\u2460 Salvamento de emerg\u00eancia e assist\u00eancia em caso de cat\u00e1strofe.<br \/>\n\u2461 Projectos de constru\u00e7\u00e3o.<br \/>\n\u2462 Eventos ao ar livre.<\/p>\n<p class=\"ds-markdown-paragraph\" style=\"text-align: left;\"><strong>4. Solu\u00e7\u00f5es de fontes de alimenta\u00e7\u00e3o mar\u00edtimas:<\/strong><br \/>\nOs navios necessitam de uma alimenta\u00e7\u00e3o el\u00e9ctrica cont\u00ednua, est\u00e1vel e fi\u00e1vel para apoiar as suas opera\u00e7\u00f5es.<br \/>\n\u2460 Quando um navio est\u00e1 no porto ou ancorado, fornece eletricidade para toda a ilumina\u00e7\u00e3o, ventila\u00e7\u00e3o, ar condicionado, equipamento de cozinha, comunica\u00e7\u00e3o e sistemas de navega\u00e7\u00e3o do navio.<br \/>\n\u2461 Enquanto o navio est\u00e1 a navegar, fornece energia para o equipamento auxiliar do motor principal e para as instala\u00e7\u00f5es habitacionais.<br \/>\n\u2462 Quando a central el\u00e9ctrica principal falha, o grupo gerador de emerg\u00eancia arranca automaticamente para fornecer energia ao equipamento cr\u00edtico.<\/p>\n<p class=\"ds-markdown-paragraph\" style=\"text-align: left;\"><strong>5. Solu\u00e7\u00f5es de aluguer de geradores a diesel:<\/strong><br \/>\n\u2460 Aluguer de unidade \u00fanica: Aluguer de um grupo gerador que funciona de forma independente.<br \/>\n\u2461 Aluguer em paralelo: Aluguer de dois ou mais grupos geradores do mesmo modelo\/marca e sua integra\u00e7\u00e3o num sistema completo de fornecimento de energia atrav\u00e9s de um sistema de controlo paralelo.<br \/>\n\u2462 Aluguer de centrais el\u00e9ctricas m\u00f3veis\/silenciosas: grupos geradores integrados em reboques ou contentores com carater\u00edsticas \u00e0 prova de chuva, poeira e redu\u00e7\u00e3o de ru\u00eddo.<\/p>\n<p class=\"ds-markdown-paragraph\" style=\"text-align: left;\"><strong>6. Solu\u00e7\u00f5es de ag\u00eancias de geradores a gas\u00f3leo:<\/strong><br \/>\n\u2460 Ag\u00eancia exclusiva: Torna-se o \u00fanico agente a vender os nossos produtos num pa\u00eds ou regi\u00e3o. N\u00e3o estabeleceremos outros agentes ou canais de vendas, e o cliente pode desenvolver agentes regionais.<br \/>\n\u2461 Ag\u00eancia regional: Obt\u00e9m direitos de venda numa cidade ou estado. Podemos estabelecer v\u00e1rios agentes regionais dentro do mesmo pa\u00eds.<br \/>\n\u2462 Ag\u00eancia da linha de produtos: Esta \u00e9 categorizada por tipo de produto e n\u00e3o por \u00e1rea geogr\u00e1fica. Obt\u00e9m direitos de ag\u00eancia para categorias de produtos espec\u00edficas (como uma de m\u00e1quinas novas\/remodeladas\/usadas).<\/p>\n<\/div><\/div><\/div><\/div><\/div><div class=\"w-popup w-btn-wrapper align_none\"><button aria-label=\"Obter cota\u00e7\u00e3o\" class=\"w-popup-trigger type_btn w-btn us-btn-style_1\"><span class=\"w-btn-label\">Obter cota\u00e7\u00e3o<\/span><\/button><div class=\"w-popup-overlay\" style=\"background:rgba(0,0,0,0.85);\"><\/div><div class=\"w-popup-wrap\" style=\"--title-color:var(--color-content-heading);--title-bg-color:var(--color-content-bg-alt);--content-color:var(--color-content-text);--content-bg-color:var(--color-content-bg)\"><div class=\"w-popup-box animation_fadeIn closerpos_outside without_title\" style=\"width:600px;\"><div class=\"w-popup-box-h\"><div class=\"w-popup-box-content\" style=\"padding:5%;\"><div class=\"wpcf7 no-js\" id=\"wpcf7-f125-o1\" lang=\"en-US\" dir=\"ltr\" data-wpcf7-id=\"125\">\n<div class=\"screen-reader-response\"><p role=\"status\" aria-live=\"polite\" aria-atomic=\"true\"><\/p> <ul><\/ul><\/div>\n<form action=\"\/pt\/wp-json\/wp\/v2\/pages\/17309#wpcf7-f125-o1\" method=\"post\" class=\"wpcf7-form init\" aria-label=\"Formul\u00e1rio de contacto\" novalidate=\"novalidate\" data-status=\"init\" data-trp-original-action=\"\/pt\/wp-json\/wp\/v2\/pages\/17309#wpcf7-f125-o1\">\n<fieldset class=\"hidden-fields-container\"><input type=\"hidden\" name=\"_wpcf7\" value=\"125\" \/><input type=\"hidden\" name=\"_wpcf7_version\" value=\"6.1.4\" \/><input type=\"hidden\" name=\"_wpcf7_locale\" value=\"en_US\" \/><input type=\"hidden\" name=\"_wpcf7_unit_tag\" value=\"wpcf7-f125-o1\" \/><input type=\"hidden\" name=\"_wpcf7_container_post\" value=\"0\" \/><input type=\"hidden\" name=\"_wpcf7_posted_data_hash\" value=\"\" \/><input type=\"hidden\" name=\"_wpcf7dtx_version\" value=\"5.0.4\" \/>\n<\/fieldset>\n<div class=\"outer\">\n\t<div class=\"inner\">\n\t\t<p><span class=\"wpcf7-form-control-wrap\" data-name=\"your-name\"><input size=\"40\" maxlength=\"400\" class=\"wpcf7-form-control wpcf7-text wpcf7-validates-as-required\" aria-required=\"true\" aria-invalid=\"false\" placeholder=\"O seu nome*\" value=\"\" type=\"text\" name=\"your-name\" \/><\/span>\n\t\t<\/p>\n\t<\/div>\n\t<div class=\"inner\">\n\t\t<p><span class=\"wpcf7-form-control-wrap\" data-name=\"your-email\"><input size=\"40\" maxlength=\"400\" class=\"wpcf7-form-control wpcf7-email wpcf7-validates-as-required wpcf7-text wpcf7-validates-as-email\" aria-required=\"true\" aria-invalid=\"false\" placeholder=\"Endere\u00e7o de correio eletr\u00f3nico*\" value=\"\" type=\"email\" name=\"your-email\" \/><\/span>\n\t\t<\/p>\n\t<\/div>\n<\/div>\n<div class=\"outer\">\n\t<div class=\"inner\">\n\t\t<p><span class=\"wpcf7-form-control-wrap\" data-name=\"your-tel\"><input size=\"40\" maxlength=\"400\" class=\"wpcf7-form-control wpcf7-tel wpcf7-validates-as-required wpcf7-text wpcf7-validates-as-tel\" aria-required=\"true\" aria-invalid=\"false\" placeholder=\"O seu telem\u00f3vel*\" value=\"\" type=\"tel\" name=\"your-tel\" \/><\/span>\n\t\t<\/p>\n\t<\/div>\n\t<div class=\"inner\">\n\t\t<p><span class=\"wpcf7-form-control-wrap\" data-name=\"your-country\"><input size=\"40\" maxlength=\"400\" class=\"wpcf7-form-control wpcf7-text\" aria-invalid=\"false\" placeholder=\"Pa\u00eds ou regi\u00e3o\" value=\"\" type=\"text\" name=\"your-country\" \/><\/span>\n\t\t<\/p>\n\t<\/div>\n<\/div>\n<div>\n\t<p><span class=\"wpcf7-form-control-wrap\" data-name=\"your-message\"><textarea cols=\"40\" rows=\"10\" maxlength=\"2000\" class=\"wpcf7-form-control wpcf7-textarea\" aria-invalid=\"false\" placeholder=\"Indique-nos a sua necessidade de forma t\u00e3o espec\u00edfica quanto poss\u00edvel\" name=\"your-message\"><\/textarea><\/span>\n\t<\/p>\n<\/div>\n<div class=\"outer\">\n\t<div class=\"inner\">\n\t\t<p style=\"margin-top:1rem;font-size: 0.9rem;\">* Envie-nos a sua pergunta, responderemos nas pr\u00f3ximas 24 horas\n\t\t<\/p>\n\t<\/div>\n<\/div>\n<div class=\"form-button\">\n\t<p><input class=\"wpcf7-form-control wpcf7-submit has-spinner\" type=\"submit\" value=\"Enviar mensagem\" \/>\n\t<\/p>\n<\/div><div class=\"wpcf7-response-output\" aria-hidden=\"true\"><\/div>\n<input type=\"hidden\" name=\"trp-form-language\" value=\"pt\"\/><\/form>\n<\/div>\n<\/div><\/div><\/div><div class=\"w-popup-closer\"><\/div><\/div><\/div><\/div><\/div><\/div><\/div><\/section><section class=\"l-section wpb_row us_custom_da3d5416 hide_on_default hide_on_laptops hide_on_tablets hide_on_mobiles height_huge color_footer-bottom\"><div class=\"l-section-h i-cf\"><div class=\"g-cols vc_row via_grid cols_2-1 laptops-cols_inherit tablets-cols_1 mobiles-cols_1 valign_middle type_default stacking_default\" style=\"grid-gap:0px;\"><div class=\"wpb_column vc_column_container us_custom_b6a72ce1\"><div class=\"vc_column-inner\"><h2 class=\"w-text us_custom_9488d1d7 has_text_color\"><span class=\"w-text-h\"><span class=\"w-text-value\">Podemos prestar assist\u00eancia na cria\u00e7\u00e3o de marcas e embalagens de acordo com as necessidades do cliente<\/span><\/span><\/h2><div class=\"w-separator size_small\"><\/div><div class=\"wpb_text_column us_custom_df5f4c97 ulBlock has_text_color\"><div class=\"wpb_wrapper\"><ul>\n<li><span class=\"spark-text\">\"Somos especializados na personaliza\u00e7\u00e3o de geradores de v\u00e1rias especifica\u00e7\u00f5es e capacidades de pot\u00eancia para satisfazer as suas necessidades energ\u00e9ticas \u00fanicas.\"<\/span><\/li>\n<li><span class=\"spark-text\">\"Quer necessite de um gerador para utiliza\u00e7\u00e3o residencial, comercial ou industrial, podemos fabric\u00e1-lo \u00e0 medida para garantir um desempenho e fiabilidade ideais.\"<\/span><\/li>\n<li><span class=\"spark-text\">\"Ao trabalhar connosco, tem a op\u00e7\u00e3o de escolher entre diferentes tipos de combust\u00edvel, m\u00e9todos de controlo e acess\u00f3rios para criar um gerador personalizado que satisfa\u00e7a os seus requisitos espec\u00edficos.\"<\/span><\/li>\n<li><span class=\"spark-text\">\"A nossa equipa possui uma vasta experi\u00eancia e conhecimentos para lhe fornecer solu\u00e7\u00f5es de geradores personalizadas que satisfazem todas as suas necessidades.\"<\/span><\/li>\n<li><span class=\"spark-text\">\"Ao optar por um gerador personalizado, pode obter uma maior efici\u00eancia, um menor consumo de energia e custos de manuten\u00e7\u00e3o, poupando assim energia e aumentando a produtividade.\"<\/span><\/li>\n<li><span class=\"spark-text\">\"Independentemente da escala do seu projeto, temos a capacidade de fornecer solu\u00e7\u00f5es de geradores personalizadas para garantir que as suas necessidades energ\u00e9ticas s\u00e3o perfeitamente satisfeitas.\"<\/span><\/li>\n<li><span class=\"spark-text\">\"Os nossos geradores personalizados n\u00e3o s\u00f3 apresentam uma qualidade e fiabilidade excepcionais, como tamb\u00e9m oferecem uma vasta gama de op\u00e7\u00f5es funcionais e de design com base nas prefer\u00eancias do cliente.\"<\/span><\/li>\n<li><span class=\"spark-text\">\"Atrav\u00e9s de uma estreita colabora\u00e7\u00e3o com a nossa equipa de especialistas, pode participar em todas as etapas do processo de personaliza\u00e7\u00e3o, garantindo que o seu gerador est\u00e1 totalmente alinhado com as suas expectativas e requisitos.\"<\/span><\/li>\n<li><span class=\"spark-text\">\"Estamos empenhados em fornecer servi\u00e7os de personaliza\u00e7\u00e3o abrangentes, desde a conce\u00e7\u00e3o, fabrico, instala\u00e7\u00e3o e apoio p\u00f3s-venda, trabalhando lado a lado consigo para tornar os seus sonhos de gerador realidade.\"<\/span><\/li>\n<\/ul>\n<\/div><\/div><div class=\"w-separator size_small\"><\/div><div class=\"w-popup w-btn-wrapper align_none\"><button aria-label=\"Vamos come\u00e7ar a trabalhar no seu projeto\" class=\"w-popup-trigger type_btn w-btn us-btn-style_1\"><span class=\"w-btn-label\">Vamos come\u00e7ar a trabalhar no seu projeto<\/span><\/button><div class=\"w-popup-overlay\" style=\"background:rgba(0,0,0,0.85);\"><\/div><div class=\"w-popup-wrap\" style=\"--title-color:var(--color-content-heading);--title-bg-color:var(--color-content-bg-alt);--content-color:var(--color-content-text);--content-bg-color:var(--color-content-bg)\"><div class=\"w-popup-box animation_fadeIn closerpos_inside with_title\" style=\"width:600px;\"><div class=\"w-popup-box-h\"><div class=\"w-popup-box-title\">Come\u00e7ar a trabalhar<\/div><div class=\"w-popup-box-content\" style=\"padding:8% 10%;\"><div class=\"wpcf7 no-js\" id=\"wpcf7-f125-o2\" lang=\"en-US\" dir=\"ltr\" data-wpcf7-id=\"125\">\n<div class=\"screen-reader-response\"><p role=\"status\" aria-live=\"polite\" aria-atomic=\"true\"><\/p> <ul><\/ul><\/div>\n<form action=\"\/pt\/wp-json\/wp\/v2\/pages\/17309#wpcf7-f125-o2\" method=\"post\" class=\"wpcf7-form init\" aria-label=\"Formul\u00e1rio de contacto\" novalidate=\"novalidate\" data-status=\"init\" data-trp-original-action=\"\/pt\/wp-json\/wp\/v2\/pages\/17309#wpcf7-f125-o2\">\n<fieldset class=\"hidden-fields-container\"><input type=\"hidden\" name=\"_wpcf7\" value=\"125\" \/><input type=\"hidden\" name=\"_wpcf7_version\" value=\"6.1.4\" \/><input type=\"hidden\" name=\"_wpcf7_locale\" value=\"en_US\" \/><input type=\"hidden\" name=\"_wpcf7_unit_tag\" value=\"wpcf7-f125-o2\" \/><input type=\"hidden\" name=\"_wpcf7_container_post\" value=\"0\" \/><input type=\"hidden\" name=\"_wpcf7_posted_data_hash\" value=\"\" \/><input type=\"hidden\" name=\"_wpcf7dtx_version\" value=\"5.0.4\" \/>\n<\/fieldset>\n<div class=\"outer\">\n\t<div class=\"inner\">\n\t\t<p><span class=\"wpcf7-form-control-wrap\" data-name=\"your-name\"><input size=\"40\" maxlength=\"400\" class=\"wpcf7-form-control wpcf7-text wpcf7-validates-as-required\" aria-required=\"true\" aria-invalid=\"false\" placeholder=\"O seu nome*\" value=\"\" type=\"text\" name=\"your-name\" \/><\/span>\n\t\t<\/p>\n\t<\/div>\n\t<div class=\"inner\">\n\t\t<p><span class=\"wpcf7-form-control-wrap\" data-name=\"your-email\"><input size=\"40\" maxlength=\"400\" class=\"wpcf7-form-control wpcf7-email wpcf7-validates-as-required wpcf7-text wpcf7-validates-as-email\" aria-required=\"true\" aria-invalid=\"false\" placeholder=\"Endere\u00e7o de correio eletr\u00f3nico*\" value=\"\" type=\"email\" name=\"your-email\" \/><\/span>\n\t\t<\/p>\n\t<\/div>\n<\/div>\n<div class=\"outer\">\n\t<div class=\"inner\">\n\t\t<p><span class=\"wpcf7-form-control-wrap\" data-name=\"your-tel\"><input size=\"40\" maxlength=\"400\" class=\"wpcf7-form-control wpcf7-tel wpcf7-validates-as-required wpcf7-text wpcf7-validates-as-tel\" aria-required=\"true\" aria-invalid=\"false\" placeholder=\"O seu telem\u00f3vel*\" value=\"\" type=\"tel\" name=\"your-tel\" \/><\/span>\n\t\t<\/p>\n\t<\/div>\n\t<div class=\"inner\">\n\t\t<p><span class=\"wpcf7-form-control-wrap\" data-name=\"your-country\"><input size=\"40\" maxlength=\"400\" class=\"wpcf7-form-control wpcf7-text\" aria-invalid=\"false\" placeholder=\"Pa\u00eds ou regi\u00e3o\" value=\"\" type=\"text\" name=\"your-country\" \/><\/span>\n\t\t<\/p>\n\t<\/div>\n<\/div>\n<div>\n\t<p><span class=\"wpcf7-form-control-wrap\" data-name=\"your-message\"><textarea cols=\"40\" rows=\"10\" maxlength=\"2000\" class=\"wpcf7-form-control wpcf7-textarea\" aria-invalid=\"false\" placeholder=\"Indique-nos a sua necessidade de forma t\u00e3o espec\u00edfica quanto poss\u00edvel\" name=\"your-message\"><\/textarea><\/span>\n\t<\/p>\n<\/div>\n<div class=\"outer\">\n\t<div class=\"inner\">\n\t\t<p style=\"margin-top:1rem;font-size: 0.9rem;\">* Envie-nos a sua pergunta, responderemos nas pr\u00f3ximas 24 horas\n\t\t<\/p>\n\t<\/div>\n<\/div>\n<div class=\"form-button\">\n\t<p><input class=\"wpcf7-form-control wpcf7-submit has-spinner\" type=\"submit\" value=\"Enviar mensagem\" \/>\n\t<\/p>\n<\/div><div class=\"wpcf7-response-output\" aria-hidden=\"true\"><\/div>\n<input type=\"hidden\" name=\"trp-form-language\" value=\"pt\"\/><\/form>\n<\/div>\n<\/div><div class=\"w-popup-closer\"><\/div><\/div><\/div><\/div><\/div><\/div><\/div><div class=\"wpb_column vc_column_container\"><div class=\"vc_column-inner\"><div class=\"w-image us_custom_cb0e1821 has_ratio align_none\"><div class=\"w-image-h\"><div style=\"padding-bottom:100%\"><\/div><img loading=\"lazy\" decoding=\"async\" width=\"284\" height=\"284\" src=\"https:\/\/www.elecprime.net\/wp-content\/uploads\/2025\/09\/\u5fae\u4fe1\u622a\u56fe_20250312102319.jpg\" class=\"g-placeholder\" alt=\"\" srcset=\"https:\/\/www.elecprime.net\/wp-content\/uploads\/2025\/09\/\u5fae\u4fe1\u622a\u56fe_20250312102319.jpg 284w, https:\/\/www.elecprime.net\/wp-content\/uploads\/2025\/09\/\u5fae\u4fe1\u622a\u56fe_20250312102319-150x150.jpg 150w, https:\/\/www.elecprime.net\/wp-content\/uploads\/2025\/09\/\u5fae\u4fe1\u622a\u56fe_20250312102319-12x12.jpg 12w\" sizes=\"auto, (max-width: 284px) 100vw, 284px\" \/><\/div><\/div><\/div><\/div><\/div><\/div><\/section>","protected":false},"excerpt":{"rendered":"Custom SolutionChoose our customized generators for unparalleled performance and reliability, along with personalized design and functionality tailored to meet your specific needs. Customized solutions for generator sets1. Primary Power Supply Solutions: When there is no stable utility grid, or the cost of grid connection is prohibitively high, generator sets serve as the main source of...","protected":false},"author":12,"featured_media":0,"parent":0,"menu_order":0,"comment_status":"closed","ping_status":"closed","template":"","meta":{"footnotes":""},"class_list":["post-17309","page","type-page","status-publish","hentry"],"acf":[],"_links":{"self":[{"href":"https:\/\/www.elecprime.net\/pt\/wp-json\/wp\/v2\/pages\/17309","targetHints":{"allow":["GET"]}}],"collection":[{"href":"https:\/\/www.elecprime.net\/pt\/wp-json\/wp\/v2\/pages"}],"about":[{"href":"https:\/\/www.elecprime.net\/pt\/wp-json\/wp\/v2\/types\/page"}],"author":[{"embeddable":true,"href":"https:\/\/www.elecprime.net\/pt\/wp-json\/wp\/v2\/users\/12"}],"replies":[{"embeddable":true,"href":"https:\/\/www.elecprime.net\/pt\/wp-json\/wp\/v2\/comments?post=17309"}],"version-history":[{"count":1,"href":"https:\/\/www.elecprime.net\/pt\/wp-json\/wp\/v2\/pages\/17309\/revisions"}],"predecessor-version":[{"id":21910,"href":"https:\/\/www.elecprime.net\/pt\/wp-json\/wp\/v2\/pages\/17309\/revisions\/21910"}],"wp:attachment":[{"href":"https:\/\/www.elecprime.net\/pt\/wp-json\/wp\/v2\/media?parent=17309"}],"curies":[{"name":"wp","href":"https:\/\/api.w.org\/{rel}","templated":true}]}}