{"id":21185,"date":"2025-10-17T04:20:36","date_gmt":"2025-10-17T08:20:36","guid":{"rendered":"https:\/\/www.elecprime.net\/?page_id=21185"},"modified":"2025-12-28T23:33:44","modified_gmt":"2025-12-29T04:33:44","slug":"noticias","status":"publish","type":"page","link":"https:\/\/www.elecprime.net\/pt\/reuniao-2","title":{"rendered":"Not\u00edcias"},"content":{"rendered":"<section class=\"l-section wpb_row height_large color_secondary with_img\"><div class=\"l-section-img\" data-img-width=\"1920\" data-img-height=\"1000\" style=\"background-image: url(https:\/\/www.elecprime.net\/wp-content\/uploads\/2023\/12\/bg-5.jpg);\"><\/div><div class=\"l-section-overlay\" style=\"background:rgba(0,0,0,0.15)\"><\/div><div class=\"l-section-h i-cf\"><div class=\"g-cols vc_row via_grid cols_1 laptops-cols_inherit tablets-cols_1 mobiles-cols_1 valign_top type_default reversed stacking_default\" style=\"grid-gap:0rem;\"><div class=\"wpb_column vc_column_container us_custom_fd43344c\"><div class=\"vc_column-inner\"><ol class=\"g-breadcrumbs us_custom_6df4bc3a has_text_color separator_icon align_none\" itemscope itemtype=\"http:\/\/schema.org\/BreadcrumbList\"><li class=\"g-breadcrumbs-item\" itemscope itemprop=\"itemListElement\" itemtype=\"http:\/\/schema.org\/ListItem\"><a itemprop=\"item\" href=\"https:\/\/www.elecprime.net\/pt\/\"><span itemprop=\"name\">In\u00edcio<\/span><\/a><meta itemprop=\"position\" content=\"1\"\/><\/li><li class=\"g-breadcrumbs-separator\"><i class=\"far fa-angle-right\"><\/i><\/li><li class=\"g-breadcrumbs-item\">P\u00e1ginas<\/li><\/ol><div class=\"w-separator size_small\"><\/div><h1 class=\"w-text us_custom_a1d2f3db\"><span class=\"w-text-h\"><span class=\"w-text-value\">Equipa<\/span><\/span><\/h1><div class=\"w-separator size_small\"><\/div><\/div><\/div><\/div><\/div><\/section><section class=\"l-section wpb_row height_large\"><div class=\"l-section-h i-cf\"><div class=\"g-cols vc_row via_grid cols_1 laptops-cols_inherit tablets-cols_inherit mobiles-cols_1 valign_middle type_default stacking_default\" style=\"grid-gap:2rem;\"><div class=\"wpb_column vc_column_container\"><div class=\"vc_column-inner\"><div class=\"wpb_text_column us_custom_7a6fd723\"><div class=\"wpb_wrapper\"><h2>Equipa<\/h2>\n<\/div><\/div><div class=\"w-separator us_custom_6b7eec98 size_small\"><\/div><div class=\"wpb_text_column us_custom_40c523d3 has_text_color\"><div class=\"wpb_wrapper\"><p>Ningbo Zhili Electromechanical Equipment Co., Ltd. tem direitos de importa\u00e7\u00e3o e exporta\u00e7\u00e3o independentes. Desde 1993, dedicamo-nos \u00e0 produ\u00e7\u00e3o, venda, instala\u00e7\u00e3o, manuten\u00e7\u00e3o e assist\u00eancia t\u00e9cnica de grupos electrog\u00e9neos e respectivos componentes. Nossa gama de produtos abrange de 1KW a 2000KW, abrangendo grupos geradores de marcas de renome, como Weichai, Shangchai, Yuchai, Changchai, grupos geradores a gasolina, grupos geradores Cummins de segunda m\u00e3o, grupos geradores Perkins de segunda m\u00e3o, grupos geradores Volvo de segunda m\u00e3o, e muito mais.<br \/>\nDedicamo-nos a fornecer grupos geradores de alta qualidade e servi\u00e7os relacionados para satisfazer as suas necessidades de produ\u00e7\u00e3o de energia. A nossa equipa est\u00e1 bem equipada e tem experi\u00eancia para garantir que recebe o melhor apoio para as suas aplica\u00e7\u00f5es espec\u00edficas.<br \/>\nContacte hoje mesmo a Ningbo Zhili Electromechanical Equipment Co., Ltd. e deixe-nos ser o seu parceiro de confian\u00e7a no mundo da produ\u00e7\u00e3o de energia.<\/p>\n<\/div><\/div><div class=\"w-separator size_medium\"><\/div><div class=\"w-grid type_carousel layout_gallery_default hidden cols_4 valign_center\" id=\"us_grid_1\" style=\"--gap:1rem;\"><style>.layout_gallery_default .w-grid-item-h{}<\/style><div class=\"w-grid-list owl-carousel navstyle_circle navpos_outside\"><\/div><div class=\"g-preloader type_1\">\r\n\t<div><\/div>\r\n<\/div>\r\n\t<div class=\"w-grid-json hidden\" onclick='return {&quot;action&quot;:&quot;us_ajax_grid&quot;,&quot;ajax_url&quot;:&quot;https:\\\/\\\/www.elecprime.net\\\/wp-admin\\\/admin-ajax.php&quot;,&quot;infinite_scroll&quot;:0,&quot;max_num_pages&quot;:0,&quot;pagination&quot;:&quot;none&quot;,&quot;permalink_url&quot;:&quot;https:\\\/\\\/www.elecprime.net\\\/pt\\\/wp-json\\\/wp\\\/v2\\\/pages\\\/21185&quot;,&quot;template_vars&quot;:{&quot;columns&quot;:&quot;4&quot;,&quot;exclude_items&quot;:&quot;none&quot;,&quot;img_size&quot;:&quot;full&quot;,&quot;ignore_items_size&quot;:&quot;1&quot;,&quot;items_layout&quot;:&quot;gallery_default&quot;,&quot;items_offset&quot;:&quot;1&quot;,&quot;load_animation&quot;:&quot;none&quot;,&quot;overriding_link&quot;:&quot;none&quot;,&quot;post_id&quot;:0,&quot;query_args&quot;:{&quot;post_type&quot;:[&quot;attachment&quot;],&quot;post__in&quot;:[&quot;18266&quot;,&quot;18267&quot;,&quot;18268&quot;,&quot;18269&quot;,&quot;18270&quot;,&quot;18271&quot;,&quot;18272&quot;],&quot;post_status&quot;:&quot;inherit&quot;,&quot;post_mime_type&quot;:&quot;image&quot;,&quot;posts_per_page&quot;:&quot;30&quot;},&quot;orderby_query_args&quot;:{&quot;orderby&quot;:{&quot;post__in&quot;:&quot;ASC&quot;},&quot;order&quot;:&quot;ASC&quot;},&quot;type&quot;:&quot;carousel&quot;,&quot;us_grid_ajax_index&quot;:1,&quot;us_grid_filter_params&quot;:null,&quot;us_grid_index&quot;:1,&quot;_us_grid_post_type&quot;:&quot;attachment&quot;,&quot;page_args&quot;:[]},&quot;carousel_settings&quot;:{&quot;autoHeight&quot;:0,&quot;autoplay&quot;:0,&quot;carousel_fade&quot;:0,&quot;center&quot;:0,&quot;dots&quot;:0,&quot;items&quot;:&quot;4&quot;,&quot;loop&quot;:true,&quot;nav&quot;:0,&quot;slideby&quot;:&quot;1&quot;,&quot;smooth_play&quot;:0,&quot;speed&quot;:250,&quot;timeout&quot;:3000,&quot;transition&quot;:&quot;&quot;,&quot;aria_labels&quot;:{&quot;prev&quot;:&quot;Anterior&quot;,&quot;next&quot;:&quot;Seguinte&quot;}},&quot;carousel_breakpoints&quot;:{&quot;0&quot;:{&quot;autoHeight&quot;:0,&quot;autoplay&quot;:1,&quot;autoplayHoverPause&quot;:1,&quot;items&quot;:1,&quot;loop&quot;:true,&quot;stagePadding&quot;:0},&quot;601&quot;:{&quot;autoHeight&quot;:0,&quot;autoplay&quot;:1,&quot;autoplayHoverPause&quot;:1,&quot;items&quot;:2,&quot;loop&quot;:true,&quot;stagePadding&quot;:0},&quot;1025&quot;:{&quot;autoHeight&quot;:0,&quot;autoplay&quot;:1,&quot;autoplayHoverPause&quot;:1,&quot;items&quot;:3,&quot;loop&quot;:true,&quot;stagePadding&quot;:0},&quot;1281&quot;:{&quot;items&quot;:4,&quot;stagePadding&quot;:0}}}'><\/div>\r\n\t<\/div><div class=\"w-grid-none type_message\">Nenhum resultado encontrado.<\/div><\/div><\/div><\/div><\/div><\/section>","protected":false},"excerpt":{"rendered":"In\u00edcioP\u00e1ginasEquipaEquipa Ningbo Zhili Electromechanical Equipment Co., Ltd. tem direitos de importa\u00e7\u00e3o e exporta\u00e7\u00e3o independentes. Desde 1993, dedicamo-nos \u00e0 produ\u00e7\u00e3o, venda, instala\u00e7\u00e3o, manuten\u00e7\u00e3o e assist\u00eancia t\u00e9cnica de grupos electrog\u00e9neos e seus componentes. A nossa gama de produtos abrange de 1KW a 2000KW, abrangendo grupos geradores de marcas de renome, como Weichai, Shangchai, Yuchai, Changchai, gasolina...","protected":false},"author":15,"featured_media":0,"parent":0,"menu_order":0,"comment_status":"closed","ping_status":"closed","template":"","meta":{"footnotes":""},"class_list":["post-21185","page","type-page","status-publish","hentry"],"acf":[],"_links":{"self":[{"href":"https:\/\/www.elecprime.net\/pt\/wp-json\/wp\/v2\/pages\/21185","targetHints":{"allow":["GET"]}}],"collection":[{"href":"https:\/\/www.elecprime.net\/pt\/wp-json\/wp\/v2\/pages"}],"about":[{"href":"https:\/\/www.elecprime.net\/pt\/wp-json\/wp\/v2\/types\/page"}],"author":[{"embeddable":true,"href":"https:\/\/www.elecprime.net\/pt\/wp-json\/wp\/v2\/users\/15"}],"replies":[{"embeddable":true,"href":"https:\/\/www.elecprime.net\/pt\/wp-json\/wp\/v2\/comments?post=21185"}],"version-history":[{"count":1,"href":"https:\/\/www.elecprime.net\/pt\/wp-json\/wp\/v2\/pages\/21185\/revisions"}],"predecessor-version":[{"id":21778,"href":"https:\/\/www.elecprime.net\/pt\/wp-json\/wp\/v2\/pages\/21185\/revisions\/21778"}],"wp:attachment":[{"href":"https:\/\/www.elecprime.net\/pt\/wp-json\/wp\/v2\/media?parent=21185"}],"curies":[{"name":"wp","href":"https:\/\/api.w.org\/{rel}","templated":true}]}}