{"id":21242,"date":"2025-12-22T02:57:07","date_gmt":"2025-12-22T07:57:07","guid":{"rendered":"https:\/\/www.elecprime.net\/?page_id=21242"},"modified":"2025-12-22T19:47:27","modified_gmt":"2025-12-23T00:47:27","slug":"sobre-a-elecprime","status":"publish","type":"page","link":"https:\/\/www.elecprime.net\/pt\/sobre-a-elecprime","title":{"rendered":"Sobre a ELECPRIME"},"content":{"rendered":"<section class=\"l-section wpb_row height_large color_secondary with_img\"><div class=\"l-section-img\" data-img-width=\"1920\" data-img-height=\"1000\" style=\"background-image: url(https:\/\/www.elecprime.net\/wp-content\/uploads\/2023\/12\/bg-5.jpg);\"><\/div><div class=\"l-section-overlay\" style=\"background:rgba(0,0,0,0.15)\"><\/div><div class=\"l-section-h i-cf\"><div class=\"g-cols vc_row via_grid cols_1 laptops-cols_inherit tablets-cols_1 mobiles-cols_1 valign_top type_default reversed stacking_default\" style=\"grid-gap:0rem;\"><div class=\"wpb_column vc_column_container us_custom_fd43344c\"><div class=\"vc_column-inner\"><ol class=\"g-breadcrumbs us_custom_6df4bc3a has_text_color separator_icon align_none\" itemscope itemtype=\"http:\/\/schema.org\/BreadcrumbList\"><li class=\"g-breadcrumbs-item\" itemscope itemprop=\"itemListElement\" itemtype=\"http:\/\/schema.org\/ListItem\"><a itemprop=\"item\" href=\"https:\/\/www.elecprime.net\/pt\/\"><span itemprop=\"name\">In\u00edcio<\/span><\/a><meta itemprop=\"position\" content=\"1\"\/><\/li><li class=\"g-breadcrumbs-separator\"><i class=\"far fa-angle-right\"><\/i><\/li><li class=\"g-breadcrumbs-item\">P\u00e1ginas<\/li><\/ol><div class=\"w-separator size_small\"><\/div><h1 class=\"w-text us_custom_a1d2f3db\"><span class=\"w-text-h\"><span class=\"w-text-value\">Hist\u00f3ria da marca<\/span><\/span><\/h1><div class=\"w-separator size_small\"><\/div><\/div><\/div><\/div><\/div><\/section><section class=\"l-section wpb_row height_medium\"><div class=\"l-section-h i-cf\"><div class=\"g-cols vc_row via_grid cols_1 laptops-cols_inherit tablets-cols_inherit mobiles-cols_1 valign_middle type_default stacking_default\" style=\"grid-gap:2rem;\"><div class=\"wpb_column vc_column_container\"><div class=\"vc_column-inner\"><div class=\"wpb_text_column us_custom_7a6fd723\"><div class=\"wpb_wrapper\"><h1>HIST\u00d3RIA DA MARCA<\/h1>\n<\/div><\/div><div class=\"w-separator us_custom_af6d8f37 size_small\"><\/div><h2 class=\"w-text us_custom_eb849559\"><span class=\"w-text-h\"><span class=\"w-text-value\">Sobre a Amy e a ELECPRIME<\/span><\/span><\/h2><h4 class=\"w-text\"><span class=\"w-text-h\"><span class=\"w-text-value\">Quem \u00e9 a Amy?<\/span><\/span><\/h4><div class=\"wpb_text_column us_custom_c8fb4a47 has_text_color\"><div class=\"wpb_wrapper\"><p style=\"text-align: left;\">Cresceu rodeada pelo zumbido dos geradores e pelo esp\u00edrito do artesanato.<br \/>\nA nossa fundadora, uma mulher determinada de uma fam\u00edlia t\u00e9cnica em Henan, aprendeu os valores da excel\u00eancia em engenharia com o seu tio, um t\u00e9cnico experiente. Em 2011, come\u00e7ou a sua jornada, aproveitando este legado familiar para exportar o seu primeiro grupo gerador para o I\u00e9men.<br \/>\nDurante mais de uma d\u00e9cada, aprofundou os seus conhecimentos. Ent\u00e3o, em 2022, um momento decisivo: um cliente do Iraque veio \u00e0 nossa f\u00e1brica. A sua visita foi mais do que uma compra; foi uma revela\u00e7\u00e3o. Despertou uma ideia poderosa - a ideia de uma marca - QUE \u00c9 ELECPRIME.<br \/>\nImpulsionada por este novo objetivo, fez uma mudan\u00e7a estrat\u00e9gica. Escolheu a cidade portu\u00e1ria de Ningbo para construir a sua sede internacional, reunindo uma equipa e criando um showroom para o mundo. Esta n\u00e3o \u00e9 apenas uma hist\u00f3ria sobre a venda de geradores; \u00e9 a hist\u00f3ria de uma mulher que transforma a sabedoria familiar numa orgulhosa marca internacional.<\/p>\n<\/div><\/div><div class=\"g-cols wpb_row via_grid cols_2 laptops-cols_inherit tablets-cols_inherit mobiles-cols_1 valign_top type_default stacking_default\"><div class=\"wpb_column vc_column_container\"><div class=\"vc_column-inner\"><div class=\"w-image align_none\"><div class=\"w-image-h\"><img loading=\"lazy\" decoding=\"async\" width=\"1000\" height=\"1000\" src=\"https:\/\/www.elecprime.net\/wp-content\/uploads\/2025\/10\/\u4ef7\u503c.png\" class=\"attachment-large size-large\" alt=\"\" srcset=\"https:\/\/www.elecprime.net\/wp-content\/uploads\/2025\/10\/\u4ef7\u503c.png 1000w, https:\/\/www.elecprime.net\/wp-content\/uploads\/2025\/10\/\u4ef7\u503c-150x150.png 150w, https:\/\/www.elecprime.net\/wp-content\/uploads\/2025\/10\/\u4ef7\u503c-12x12.png 12w\" sizes=\"auto, (max-width: 1000px) 100vw, 1000px\" \/><\/div><\/div><\/div><\/div><div class=\"wpb_column vc_column_container\"><div class=\"vc_column-inner\"><div class=\"w-image align_none\"><div class=\"w-image-h\"><img loading=\"lazy\" decoding=\"async\" width=\"1000\" height=\"1000\" src=\"https:\/\/www.elecprime.net\/wp-content\/uploads\/2025\/10\/aaa.jpg\" class=\"attachment-large size-large\" alt=\"\" srcset=\"https:\/\/www.elecprime.net\/wp-content\/uploads\/2025\/10\/aaa.jpg 1000w, https:\/\/www.elecprime.net\/wp-content\/uploads\/2025\/10\/aaa-150x150.jpg 150w, https:\/\/www.elecprime.net\/wp-content\/uploads\/2025\/10\/aaa-12x12.jpg 12w\" sizes=\"auto, (max-width: 1000px) 100vw, 1000px\" \/><\/div><\/div><\/div><\/div><\/div><\/div><\/div><\/div><\/div><\/section><section class=\"l-section wpb_row height_auto\"><div class=\"l-section-h i-cf\"><div class=\"g-cols vc_row via_grid cols_1 laptops-cols_inherit tablets-cols_inherit mobiles-cols_1 valign_top type_default stacking_default\"><div class=\"wpb_column vc_column_container\"><div class=\"vc_column-inner\"><h2 class=\"w-text us_custom_eb849559\"><span class=\"w-text-h\"><span class=\"w-text-value\">Vers\u00e3o profissional da linha do tempo<\/span><\/span><\/h2><div class=\"wpb_text_column us_custom_80a192e9\"><div class=\"wpb_wrapper\"><p>A Funda\u00e7\u00e3o T\u00e9cnica (1993):<br \/>\nA nossa heran\u00e7a tem as suas ra\u00edzes no tio do nosso fundador, um t\u00e9cnico de uma das f\u00e1bricas de geradores pioneiras de Henan, que nos incutiu uma cultura profundamente enraizada de excel\u00eancia em engenharia atrav\u00e9s da sua pr\u00f3pria oficina de repara\u00e7\u00e3o.<br \/>\nA Primeira Exporta\u00e7\u00e3o (2011):<br \/>\nCom base neste legado familiar, a nossa fundadora - uma empres\u00e1ria motivada - alcan\u00e7ou um marco importante ao exportar com \u00eaxito o seu primeiro grupo gerador para o I\u00e9men.<br \/>\nO Catalisador de Marca (2022):<br \/>\nUma visita crucial de um cliente no Iraque serviu como um poderoso apoio e inspirou a decis\u00e3o estrat\u00e9gica de criar a nossa pr\u00f3pria marca internacional (ELECPRIME).<br \/>\nGlobaliza\u00e7\u00e3o Estrat\u00e9gica (Presente):<br \/>\nPara executar esta vis\u00e3o, estabelecemos a nossa sede de opera\u00e7\u00f5es internacionais em Ningbo, com uma equipa profissional e um moderno showroom de produtos, dedicado a servir o mercado global.<\/p>\n<\/div><\/div><div class=\"w-image align_center\"><div class=\"w-image-h\"><img loading=\"lazy\" decoding=\"async\" width=\"1000\" height=\"800\" src=\"https:\/\/www.elecprime.net\/wp-content\/uploads\/2025\/10\/\u65f6\u95f4\u8f74.png\" class=\"attachment-large size-large\" alt=\"\" srcset=\"https:\/\/www.elecprime.net\/wp-content\/uploads\/2025\/10\/\u65f6\u95f4\u8f74.png 1000w, https:\/\/www.elecprime.net\/wp-content\/uploads\/2025\/10\/\u65f6\u95f4\u8f74-150x120.png 150w, https:\/\/www.elecprime.net\/wp-content\/uploads\/2025\/10\/\u65f6\u95f4\u8f74-15x12.png 15w\" sizes=\"auto, (max-width: 1000px) 100vw, 1000px\" \/><\/div><\/div><\/div><\/div><\/div><\/div><\/section><section class=\"l-section wpb_row height_medium\"><div class=\"l-section-h i-cf\"><div class=\"g-cols vc_row via_grid cols_1 laptops-cols_inherit tablets-cols_inherit mobiles-cols_1 valign_top type_default stacking_default\"><div class=\"wpb_column vc_column_container\"><div class=\"vc_column-inner\"><h2 class=\"w-text us_custom_eb849559\"><span class=\"w-text-h\"><span class=\"w-text-value\">Posicionamento estrat\u00e9gico<\/span><\/span><\/h2><h4 class=\"w-text us_custom_eb849559\"><span class=\"w-text-h\"><span class=\"w-text-value\">Ningbo HQ\uff08A frente\uff09+Base de Henan\uff08Atr\u00e1s\uff09<\/span><\/span><\/h4><div class=\"wpb_text_column us_custom_80a192e9\"><div class=\"wpb_wrapper\"><p>As nossas principais equipas de marketing, vendas, design e gest\u00e3o de projectos est\u00e3o sediadas em Ningbo, perto do maior porto do mundo, o Porto de Ningbo, facilitando a comunica\u00e7\u00e3o com clientes internacionais, a log\u00edstica e a gest\u00e3o da cadeia de fornecimento.<br \/>\nA nossa base de produ\u00e7\u00e3o est\u00e1 localizada em Henan, o cora\u00e7\u00e3o industrial da China, oferecendo um excelente ecossistema de fabrico, uma for\u00e7a de trabalho qualificada e custos operacionais competitivos.<\/p>\n<p>\u25cf Ningbo = porta de entrada internacional, centro de log\u00edstica e centro de clientes.<br \/>\nHenan = centro industrial, vantagens de fabrico e rela\u00e7\u00e3o custo-efic\u00e1cia.<\/p>\n<\/div><\/div><div class=\"g-cols wpb_row via_grid cols_1 laptops-cols_inherit tablets-cols_inherit mobiles-cols_1 valign_top type_default stacking_default\"><div class=\"wpb_column vc_column_container\"><div class=\"vc_column-inner\"><div class=\"w-image align_none\"><div class=\"w-image-h\"><img loading=\"lazy\" decoding=\"async\" width=\"800\" height=\"20\" src=\"https:\/\/www.elecprime.net\/wp-content\/uploads\/2025\/10\/Q.jpg\" class=\"attachment-large size-large\" alt=\"\" srcset=\"https:\/\/www.elecprime.net\/wp-content\/uploads\/2025\/10\/Q.jpg 800w, https:\/\/www.elecprime.net\/wp-content\/uploads\/2025\/10\/Q-150x4.jpg 150w, https:\/\/www.elecprime.net\/wp-content\/uploads\/2025\/10\/Q-18x1.jpg 18w\" sizes=\"auto, (max-width: 800px) 100vw, 800px\" \/><\/div><\/div><\/div><\/div><\/div><h2 class=\"w-text us_custom_eb849559\"><span class=\"w-text-h\"><span class=\"w-text-value\">Vantagens<\/span><\/span><\/h2><h4 class=\"w-text us_custom_eb849559\"><span class=\"w-text-h\"><span class=\"w-text-value\">1. Divis\u00e3o profissional do trabalho e m\u00e1xima efici\u00eancia: A sede em Ningbo concentra-se nos clientes e nos mercados, enquanto as f\u00e1bricas se concentram na produ\u00e7\u00e3o e na tecnologia<\/span><\/span><\/h4><div class=\"wpb_text_column us_custom_80a192e9\"><div class=\"wpb_wrapper\"><p>A nossa equipa da sede em Ningbo pode responder rapidamente a todos os seus pedidos de informa\u00e7\u00e3o, realizar a conce\u00e7\u00e3o e o desenvolvimento de produtos e gerir o progresso das encomendas; enquanto a nossa equipa da f\u00e1brica em Henan pode concentrar-se na melhoria da qualidade da produ\u00e7\u00e3o e do artesanato para garantir que todos os produtos cumprem os mais elevados padr\u00f5es.<\/p>\n<\/div><\/div><h4 class=\"w-text us_custom_eb849559\"><span class=\"w-text-h\"><span class=\"w-text-value\">2. Log\u00edstica optimizada e controlo dos custos: As vantagens do porto de Ningbo e as vantagens de Henan em termos de custos<\/span><\/span><\/h4><div class=\"wpb_text_column us_custom_80a192e9\"><div class=\"wpb_wrapper\"><p>A nossa equipa de opera\u00e7\u00f5es da sede em Ningbo garante que os seus bens s\u00e3o enviados a partir de portos de classe mundial da forma mais r\u00e1pida e conveniente; enquanto a nossa base de produ\u00e7\u00e3o em Henan nos ajuda a otimizar os custos de fabrico, permitindo-nos oferecer-lhe pre\u00e7os mais competitivos sem sacrificar qualquer qualidade.<\/p>\n<\/div><\/div><h4 class=\"w-text us_custom_eb849559\"><span class=\"w-text-h\"><span class=\"w-text-value\">3. Forte controlo da cadeia de abastecimento: capacidade de gerir toda a cadeia de produ\u00e7\u00e3o e de abastecimento<\/span><\/span><\/h4><div class=\"wpb_text_column us_custom_80a192e9\"><div class=\"wpb_wrapper\"><p>Somos propriet\u00e1rios e gerimos a nossa pr\u00f3pria f\u00e1brica.<br \/>\nA nossa equipa de Ningbo visita regularmente a nossa f\u00e1brica de Henan para controlo de qualidade no local e coordena\u00e7\u00e3o da produ\u00e7\u00e3o. Mantemos videoconfer\u00eancias regulares para garantir uma comunica\u00e7\u00e3o perfeita entre as nossas localiza\u00e7\u00f5es. As nossas equipas de Ningbo e Henan trabalham em conjunto para concluir a sua encomenda.<\/p>\n<\/div><\/div><div class=\"w-image us_custom_eb849559 align_none\"><div class=\"w-image-h\"><img loading=\"lazy\" decoding=\"async\" width=\"1000\" height=\"497\" src=\"https:\/\/www.elecprime.net\/wp-content\/uploads\/2025\/10\/\u5fae\u4fe1\u56fe\u7247_20251023131028_1044_181.png\" class=\"attachment-large size-large\" alt=\"\" srcset=\"https:\/\/www.elecprime.net\/wp-content\/uploads\/2025\/10\/\u5fae\u4fe1\u56fe\u7247_20251023131028_1044_181.png 1000w, https:\/\/www.elecprime.net\/wp-content\/uploads\/2025\/10\/\u5fae\u4fe1\u56fe\u7247_20251023131028_1044_181-150x75.png 150w, https:\/\/www.elecprime.net\/wp-content\/uploads\/2025\/10\/\u5fae\u4fe1\u56fe\u7247_20251023131028_1044_181-18x9.png 18w\" sizes=\"auto, (max-width: 1000px) 100vw, 1000px\" \/><\/div><\/div><div class=\"g-cols wpb_row via_grid cols_1 laptops-cols_inherit tablets-cols_inherit mobiles-cols_1 valign_top type_default stacking_default\"><div class=\"wpb_column vc_column_container\"><div class=\"vc_column-inner\"><div class=\"w-image align_none\"><div class=\"w-image-h\"><img loading=\"lazy\" decoding=\"async\" width=\"800\" height=\"20\" src=\"https:\/\/www.elecprime.net\/wp-content\/uploads\/2025\/10\/Q.jpg\" class=\"attachment-large size-large\" alt=\"\" srcset=\"https:\/\/www.elecprime.net\/wp-content\/uploads\/2025\/10\/Q.jpg 800w, https:\/\/www.elecprime.net\/wp-content\/uploads\/2025\/10\/Q-150x4.jpg 150w, https:\/\/www.elecprime.net\/wp-content\/uploads\/2025\/10\/Q-18x1.jpg 18w\" sizes=\"auto, (max-width: 800px) 100vw, 800px\" \/><\/div><\/div><\/div><\/div><\/div><h2 class=\"w-text us_custom_eb849559\"><span class=\"w-text-h\"><span class=\"w-text-value\">Plano de visita<\/span><\/span><\/h2><h4 class=\"w-text us_custom_eb849559\"><span class=\"w-text-h\"><span class=\"w-text-value\">1. Se tem pouco tempo e s\u00f3 quer visitar Ningbo<\/span><\/span><\/h4><div class=\"wpb_text_column us_custom_80a192e9\"><div class=\"wpb_wrapper\"><p>Compreendemos a sua agenda apertada. Se o seu tempo for limitado, pode simplesmente visitar a nossa sede em Ningbo e o nosso showroom.<\/p>\n<p>Aqui, encontrar-se-\u00e1 com a nossa equipa principal, ver\u00e1 amostras (incluindo testes de carga no local) e ver\u00e1 a linha de produ\u00e7\u00e3o atrav\u00e9s de videoconfer\u00eancia em direto a partir da nossa f\u00e1brica. \u00c9 assim que gerimos a nossa produ\u00e7\u00e3o de forma rotineira, com uma efici\u00eancia e transpar\u00eancia excepcionais.<\/p>\n<\/div><\/div><h4 class=\"w-text us_custom_eb849559\"><span class=\"w-text-h\"><span class=\"w-text-value\">2. Se desejar visitar a f\u00e1brica<\/span><\/span><\/h4><div class=\"wpb_text_column us_custom_80a192e9\"><div class=\"wpb_wrapper\"><p>Recomendamos vivamente e teremos todo o gosto em organizar uma visita \u00e0 nossa f\u00e1brica em Henan.<\/p>\n<p>O transporte de Ningbo para Henan \u00e9 muito conveniente, e podemos apanhar o comboio de alta velocidade (aproximadamente 6 horas) ou o avi\u00e3o (aproximadamente 2 horas). Fique descansado, n\u00f3s trataremos de todos os preparativos da viagem e da rece\u00e7\u00e3o local para garantir uma visita produtiva e confort\u00e1vel.<\/p>\n<\/div><\/div><\/div><\/div><\/div><\/div><\/section><section class=\"l-section wpb_row height_small\"><div class=\"l-section-h i-cf\"><div class=\"g-cols vc_row via_grid cols_1 laptops-cols_inherit tablets-cols_inherit mobiles-cols_1 valign_top type_default stacking_default\"><div class=\"wpb_column vc_column_container\"><div class=\"vc_column-inner\"><h2 class=\"w-text us_custom_eb849559\"><span class=\"w-text-h\"><span class=\"w-text-value\">OBRIGADO<\/span><\/span><\/h2><\/div><\/div><\/div><\/div><\/section>","protected":false},"excerpt":{"rendered":"HomeP\u00e1ginasBrand StoryBRAND STORY About Amy &amp; ELECPRIMEWho is Amy?\u25cf She grew up surrounded by the hum of generators and the spirit of craftsmanship. \u25cf Our founder, a determined woman from a technical family in Henan, learned the values of engineering excellence from her uncle, a seasoned technician. In 2011, she started her journey, leveraging this...","protected":false},"author":15,"featured_media":0,"parent":0,"menu_order":0,"comment_status":"closed","ping_status":"closed","template":"","meta":{"footnotes":""},"class_list":["post-21242","page","type-page","status-publish","hentry"],"acf":[],"_links":{"self":[{"href":"https:\/\/www.elecprime.net\/pt\/wp-json\/wp\/v2\/pages\/21242","targetHints":{"allow":["GET"]}}],"collection":[{"href":"https:\/\/www.elecprime.net\/pt\/wp-json\/wp\/v2\/pages"}],"about":[{"href":"https:\/\/www.elecprime.net\/pt\/wp-json\/wp\/v2\/types\/page"}],"author":[{"embeddable":true,"href":"https:\/\/www.elecprime.net\/pt\/wp-json\/wp\/v2\/users\/15"}],"replies":[{"embeddable":true,"href":"https:\/\/www.elecprime.net\/pt\/wp-json\/wp\/v2\/comments?post=21242"}],"version-history":[{"count":1,"href":"https:\/\/www.elecprime.net\/pt\/wp-json\/wp\/v2\/pages\/21242\/revisions"}],"predecessor-version":[{"id":21911,"href":"https:\/\/www.elecprime.net\/pt\/wp-json\/wp\/v2\/pages\/21242\/revisions\/21911"}],"wp:attachment":[{"href":"https:\/\/www.elecprime.net\/pt\/wp-json\/wp\/v2\/media?parent=21242"}],"curies":[{"name":"wp","href":"https:\/\/api.w.org\/{rel}","templated":true}]}}